{"id":8,"date":"2022-04-08T18:16:40","date_gmt":"2022-04-08T16:16:40","guid":{"rendered":"http:\/\/jeu-digital.fr\/terroirsduvertige\/concoursphotopaques\/?page_id=8"},"modified":"2022-04-12T16:02:15","modified_gmt":"2022-04-12T14:02:15","slug":"le-concours-photo-de-paques","status":"publish","type":"page","link":"http:\/\/jeu-digital.fr\/terroirsduvertige\/concoursphotopaques\/le-concours-photo-de-paques\/","title":{"rendered":"Le concours photo de P\u00e2ques"},"content":{"rendered":"\t\t<div data-elementor-type=\"wp-page\" data-elementor-id=\"8\" class=\"elementor elementor-8\" data-elementor-settings=\"[]\">\n\t\t\t\t\t\t\t<div class=\"elementor-section-wrap\">\n\t\t\t\t\t\t\t<section class=\"elementor-section elementor-top-section elementor-element elementor-element-ad2071c elementor-section-height-min-height elementor-section-full_width elementor-section-height-default elementor-section-items-middle\" data-id=\"ad2071c\" data-element_type=\"section\" data-settings=\"{&quot;background_background&quot;:&quot;classic&quot;}\">\n\t\t\t\t\t\t<div class=\"elementor-container elementor-column-gap-default\">\n\t\t\t\t\t<div class=\"elementor-column elementor-col-100 elementor-top-column elementor-element elementor-element-92e0363\" data-id=\"92e0363\" data-element_type=\"column\">\n\t\t\t<div class=\"elementor-widget-wrap elementor-element-populated\">\n\t\t\t\t\t\t\t\t<section class=\"elementor-section elementor-inner-section elementor-element elementor-element-f5236eb elementor-section-boxed elementor-section-height-default elementor-section-height-default\" data-id=\"f5236eb\" data-element_type=\"section\">\n\t\t\t\t\t\t<div class=\"elementor-container elementor-column-gap-default\">\n\t\t\t\t\t<div class=\"elementor-column elementor-col-33 elementor-inner-column elementor-element elementor-element-9e013da\" data-id=\"9e013da\" data-element_type=\"column\">\n\t\t\t<div class=\"elementor-widget-wrap\">\n\t\t\t\t\t\t\t\t\t<\/div>\n\t\t<\/div>\n\t\t\t\t<div class=\"elementor-column elementor-col-33 elementor-inner-column elementor-element elementor-element-4389d06\" data-id=\"4389d06\" data-element_type=\"column\">\n\t\t\t<div class=\"elementor-widget-wrap elementor-element-populated\">\n\t\t\t\t\t\t\t\t<div class=\"elementor-element elementor-element-a33439d elementor-widget elementor-widget-image\" data-id=\"a33439d\" data-element_type=\"widget\" data-widget_type=\"image.default\">\n\t\t\t\t<div class=\"elementor-widget-container\">\n\t\t\t\t\t\t\t\t\t\t\t\t\t\t\t<img loading=\"lazy\" decoding=\"async\" width=\"1009\" height=\"479\" src=\"http:\/\/jeu-digital.fr\/terroirsduvertige\/concoursphotopaques\/wp-content\/uploads\/2022\/04\/Fichier-20.png\" class=\"attachment-large size-large\" alt=\"\" srcset=\"http:\/\/jeu-digital.fr\/terroirsduvertige\/concoursphotopaques\/wp-content\/uploads\/2022\/04\/Fichier-20.png 1009w, http:\/\/jeu-digital.fr\/terroirsduvertige\/concoursphotopaques\/wp-content\/uploads\/2022\/04\/Fichier-20-300x142.png 300w, http:\/\/jeu-digital.fr\/terroirsduvertige\/concoursphotopaques\/wp-content\/uploads\/2022\/04\/Fichier-20-768x365.png 768w, http:\/\/jeu-digital.fr\/terroirsduvertige\/concoursphotopaques\/wp-content\/uploads\/2022\/04\/Fichier-20-700x332.png 700w\" sizes=\"auto, (max-width: 1009px) 100vw, 1009px\" \/>\t\t\t\t\t\t\t\t\t\t\t\t\t\t\t<\/div>\n\t\t\t\t<\/div>\n\t\t\t\t\t<\/div>\n\t\t<\/div>\n\t\t\t\t<div class=\"elementor-column elementor-col-33 elementor-inner-column elementor-element elementor-element-a2fb279\" data-id=\"a2fb279\" data-element_type=\"column\">\n\t\t\t<div class=\"elementor-widget-wrap\">\n\t\t\t\t\t\t\t\t\t<\/div>\n\t\t<\/div>\n\t\t\t\t\t\t\t<\/div>\n\t\t<\/section>\n\t\t\t\t<section class=\"elementor-section elementor-inner-section elementor-element elementor-element-66fb924 elementor-section-boxed elementor-section-height-default elementor-section-height-default\" data-id=\"66fb924\" data-element_type=\"section\">\n\t\t\t\t\t\t<div class=\"elementor-container elementor-column-gap-default\">\n\t\t\t\t\t<div class=\"elementor-column elementor-col-100 elementor-inner-column elementor-element elementor-element-abfda62\" data-id=\"abfda62\" data-element_type=\"column\">\n\t\t\t<div class=\"elementor-widget-wrap elementor-element-populated\">\n\t\t\t\t\t\t\t\t<div class=\"elementor-element elementor-element-143cbcc elementor-widget elementor-widget-html\" data-id=\"143cbcc\" data-element_type=\"widget\" data-widget_type=\"html.default\">\n\t\t\t\t<div class=\"elementor-widget-container\">\n\t\t\t\n                <div class='gf_browser_gecko gform_wrapper' id='gform_wrapper_1' ><form method='post' enctype='multipart\/form-data'  id='gform_1'  action='\/terroirsduvertige\/concoursphotopaques\/wp-json\/wp\/v2\/pages\/8'>\n                        <div class='gform_body'><ul id='gform_fields_1' class='gform_fields top_label form_sublabel_below description_below'><li id='field_1_1'  class='gfield gfield_html gfield_html_formatted gfield_no_follows_desc field_sublabel_below field_description_below gfield_visibility_visible' ><p style=\"font-size:16px;\">Participez \u00e0 notre concours photos de P\u00e2ques en remplissant les champs ci-dessous. Pour valider votre inscription, merci de v\u00e9rifier l\u2019exactitude des informations donn\u00e9es et de transf\u00e9rer une photo d\u2019un produit Terroirs du Vertige mis en avant dans le d\u00e9cor de votre choix.<\/p><br>\n<p>\u00c0 vos photos, pr\u00eats, partez ! <\/p><\/li><li class=\"gfmc-column gfmc-row-1-column gfmc-row-1-col-1-of-2\" style=\"width: 50%;\"><ul><li id='field_1_6'  class='gfield gfield_contains_required field_sublabel_below field_description_below gfield_visibility_visible' ><label class='gfield_label' for='input_1_6' >Nom<span class='gfield_required'>*<\/span><\/label><div class='ginput_container ginput_container_text'><input name='input_6' id='input_1_6' type='text' value='' class='large'     aria-required=\"true\" aria-invalid=\"false\" \/><\/div><\/li><\/ul><\/li><li class=\"gfmc-column gfmc-row-1-column gfmc-row-1-col-2-of-2\" style=\"width: 50%;\"><ul><li id='field_1_7'  class='gfield gfield_contains_required field_sublabel_below field_description_below gfield_visibility_visible' ><label class='gfield_label' for='input_1_7' >Pr\u00e9nom<span class='gfield_required'>*<\/span><\/label><div class='ginput_container ginput_container_text'><input name='input_7' id='input_1_7' type='text' value='' class='large'     aria-required=\"true\" aria-invalid=\"false\" \/><\/div><\/li><\/ul><\/li><li id='field_1_13'  class='gfield gfield_contains_required field_sublabel_below field_description_below gfield_visibility_visible' ><label class='gfield_label' for='input_1_13' >Date de naissance<span class='gfield_required'>*<\/span><\/label><div class='ginput_container ginput_container_date'>\n                            <input name='input_13' id='input_1_13' type='text' value='' class='datepicker medium dmy datepicker_with_icon'    aria-describedby='input_1_13_date_format' \/>\n                            <span id='input_1_13_date_format' class='screen-reader-text'>Format de date :JJ slash MM slash AAAA<\/span>\n                        <\/div>\n                        <input type='hidden' id='gforms_calendar_icon_input_1_13' class='gform_hidden' value='http:\/\/jeu-digital.fr\/terroirsduvertige\/concoursphotopaques\/wp-content\/plugins\/gravityforms\/images\/calendar.png'\/><\/li><li id='field_1_9'  class='gfield gfield_contains_required field_sublabel_below field_description_below gfield_visibility_visible' ><label class='gfield_label gfield_label_before_complex'  >Adresse<span class='gfield_required'>*<\/span><\/label>    \n                    <div class='ginput_complex ginput_container has_street has_city has_zip ginput_container_address' id='input_1_9' >\n                         <span class='ginput_full address_line_1' id='input_1_9_1_container' >\n                                        <input type='text' name='input_9.1' id='input_1_9_1' value=''    aria-required=\"true\"\/>\n                                        <label for='input_1_9_1' id='input_1_9_1_label' >Adresse postale<\/label>\n                                    <\/span><span class='ginput_left address_city' id='input_1_9_3_container' >\n                                    <input type='text' name='input_9.3' id='input_1_9_3' value=''    aria-required=\"true\"\/>\n                                    <label for='input_1_9_3' id='input_1_9_3_label' >Ville<\/label>\n                                 <\/span><input type='hidden' class='gform_hidden' name='input_9.4' id='input_1_9_4' value=''\/><span class='ginput_right address_zip' id='input_1_9_5_container' >\n                                    <input type='text' name='input_9.5' id='input_1_9_5' value=''    aria-required=\"true\"\/>\n                                    <label for='input_1_9_5' id='input_1_9_5_label' >ZIP \/ Code postal<\/label>\n                                <\/span><input type='hidden' class='gform_hidden' name='input_9.6' id='input_1_9_6' value=''\/>\n                    <div class='gf_clear gf_clear_complex'><\/div>\n                <\/div><\/li><li id='field_1_10'  class='gfield gfield_contains_required field_sublabel_below field_description_below gfield_visibility_visible' ><label class='gfield_label gfield_label_before_complex'  >E-mail<span class='gfield_required'>*<\/span><\/label><div class='ginput_complex ginput_container ginput_container_email' id='input_1_10_container'>\n                                <span id='input_1_10_1_container' class='ginput_left'>\n                                    <input class='' type='text' name='input_10' id='input_1_10' value=''    aria-required=\"true\" aria-invalid=\"false\"\/>\n                                    <label for='input_1_10' >Saisissez un e-mail<\/label>\n                                <\/span>\n                                <span id='input_1_10_2_container' class='ginput_right'>\n                                    <input class='' type='text' name='input_10_2' id='input_1_10_2' value=''    aria-required=\"true\" aria-invalid=\"false\"\/>\n                                    <label for='input_1_10_2' >Confirmez l\u2019e-mail<\/label>\n                                <\/span>\n                                <div class='gf_clear gf_clear_complex'><\/div>\n                            <\/div><\/li><li id='field_1_11'  class='gfield field_sublabel_below field_description_below gfield_visibility_visible' ><label class='gfield_label' for='input_1_11' >Portable<\/label><div class='ginput_container ginput_container_text'><input name='input_11' id='input_1_11' type='text' value='' class='large'      aria-invalid=\"false\" \/><\/div><\/li><li id='field_1_12'  class='gfield gfield_contains_required field_sublabel_below field_description_below gfield_visibility_visible' ><label class='gfield_label' for='input_1_12' >T\u00e9l\u00e9charger des fichiers<span class='gfield_required'>*<\/span><\/label><div class='ginput_container ginput_container_fileupload'><input type='hidden' name='MAX_FILE_SIZE' value='134217728' \/><input name='input_12' id='input_1_12' type='file' class='medium' aria-describedby='validation_message_1_12 live_validation_message_1_12 extensions_message_1_12' onchange='javascript:gformValidateFileSize( this, 134217728 );'  \/><span id='extensions_message_1_12' class='screen-reader-text'><\/span><div class='validation_message' id='live_validation_message_1_12'><\/div><\/div><\/li><li id='field_1_14'  class='gfield gfield_contains_required field_sublabel_below field_description_below hidden_label gfield_visibility_visible' ><label class='gfield_label'  >Sans titre<span class='gfield_required'>*<\/span><\/label><div class='ginput_container ginput_container_checkbox'><ul class='gfield_checkbox' id='input_1_14'><li class='gchoice_1_14_1'>\n\t\t\t\t\t\t\t\t<input name='input_14.1' type='checkbox'  value='J&#039;accepte le &lt;a class=&quot;reglement&quot; href=&quot;http:\/\/jeu-digital.fr\/terroirsduvertige\/concoursphotopaques\/wp-content\/uploads\/2022\/04\/Reglement-concours-photo.pdf&quot; target=&quot;_blank&quot; style=&quot;text-decoration:underline&quot;&gt;r\u00e8glement du concours photo de p\u00e2ques&lt;\/a&gt; &lt;span&gt;* &lt;\/span&gt;'  id='choice_1_14_1'   \/>\n\t\t\t\t\t\t\t\t<label for='choice_1_14_1' id='label_1_14_1'>J'accepte le <a class=\"reglement\" href=\"http:\/\/jeu-digital.fr\/terroirsduvertige\/concoursphotopaques\/wp-content\/uploads\/2022\/04\/Reglement-concours-photo.pdf\" target=\"_blank\" style=\"text-decoration:underline;\">r\u00e8glement du concours photo de p\u00e2ques<\/a> <span style=\"font-weight:700; \"class=\"gfield_required\">* <\/span><\/label>\n\t\t\t\t\t\t\t<\/li><\/ul><\/div><\/li><li id='field_1_15'  class='gfield gfield_contains_required field_sublabel_below field_description_below hidden_label gfield_visibility_visible' ><label class='gfield_label'  >Sans titre<span class='gfield_required'>*<\/span><\/label><div class='ginput_container ginput_container_checkbox'><ul class='gfield_checkbox' id='input_1_15'><li class='gchoice_1_15_1'>\n\t\t\t\t\t\t\t\t<input name='input_15.1' type='checkbox'  value='J&#039;accepte que mes informations (nom\/pr\u00e9nom\/e-mail) soient collect\u00e9es dans le cadre de ce jeu &lt;span&gt;* &lt;\/span&gt;'  id='choice_1_15_1'   \/>\n\t\t\t\t\t\t\t\t<label for='choice_1_15_1' id='label_1_15_1'>J'accepte que mes informations (nom\/pr\u00e9nom\/e-mail) soient collect\u00e9es dans le cadre de ce jeu <span style=\"font-weight:700; \"class=\"gfield_required\">* <\/span><\/label>\n\t\t\t\t\t\t\t<\/li><\/ul><\/div><\/li>\n                            <\/ul><\/div>\n        <div class='gform_footer top_label'> <input type='submit' id='gform_submit_button_1' class='gform_button button' value='Envoyer'  onclick='if(window[\"gf_submitting_1\"]){return false;}  window[\"gf_submitting_1\"]=true;  ' onkeypress='if( event.keyCode == 13 ){ if(window[\"gf_submitting_1\"]){return false;} window[\"gf_submitting_1\"]=true;  jQuery(\"#gform_1\").trigger(\"submit\",[true]); }' \/> \n            <input type='hidden' class='gform_hidden' name='is_submit_1' value='1' \/>\n            <input type='hidden' class='gform_hidden' name='gform_submit' value='1' \/>\n            \n            <input type='hidden' class='gform_hidden' name='gform_unique_id' value='' \/>\n            <input type='hidden' class='gform_hidden' name='state_1' value='WyJbXSIsImQyOGU5YzNlMzJjMmZkMDAzZDljYjQ1MDU3ZTQ2MGNhIl0=' \/>\n            <input type='hidden' class='gform_hidden' name='gform_target_page_number_1' id='gform_target_page_number_1' value='0' \/>\n            <input type='hidden' class='gform_hidden' name='gform_source_page_number_1' id='gform_source_page_number_1' value='1' \/>\n            <input type='hidden' name='gform_field_values' value='' \/>\n            \n        <\/div>\n                        <\/form>\n                        <\/div><script type='text\/javascript'> jQuery(document).bind('gform_post_render', function(event, formId, currentPage){if(formId == 1) {} } );jQuery(document).bind('gform_post_conditional_logic', function(event, formId, fields, isInit){} );<\/script><script type='text\/javascript'> jQuery(document).ready(function(){jQuery(document).trigger('gform_post_render', [1, 1]) } ); <\/script>\t\t<\/div>\n\t\t\t\t<\/div>\n\t\t\t\t\t<\/div>\n\t\t<\/div>\n\t\t\t\t\t\t\t<\/div>\n\t\t<\/section>\n\t\t\t\t\t<\/div>\n\t\t<\/div>\n\t\t\t\t\t\t\t<\/div>\n\t\t<\/section>\n\t\t\t\t\t\t<\/div>\n\t\t\t\t\t<\/div>\n\t\t","protected":false},"excerpt":{"rendered":"","protected":false},"author":1,"featured_media":0,"parent":0,"menu_order":0,"comment_status":"closed","ping_status":"closed","template":"elementor_canvas","meta":{"footnotes":""},"class_list":["post-8","page","type-page","status-publish","hentry"],"_links":{"self":[{"href":"http:\/\/jeu-digital.fr\/terroirsduvertige\/concoursphotopaques\/wp-json\/wp\/v2\/pages\/8","targetHints":{"allow":["GET"]}}],"collection":[{"href":"http:\/\/jeu-digital.fr\/terroirsduvertige\/concoursphotopaques\/wp-json\/wp\/v2\/pages"}],"about":[{"href":"http:\/\/jeu-digital.fr\/terroirsduvertige\/concoursphotopaques\/wp-json\/wp\/v2\/types\/page"}],"author":[{"embeddable":true,"href":"http:\/\/jeu-digital.fr\/terroirsduvertige\/concoursphotopaques\/wp-json\/wp\/v2\/users\/1"}],"replies":[{"embeddable":true,"href":"http:\/\/jeu-digital.fr\/terroirsduvertige\/concoursphotopaques\/wp-json\/wp\/v2\/comments?post=8"}],"version-history":[{"count":20,"href":"http:\/\/jeu-digital.fr\/terroirsduvertige\/concoursphotopaques\/wp-json\/wp\/v2\/pages\/8\/revisions"}],"predecessor-version":[{"id":89,"href":"http:\/\/jeu-digital.fr\/terroirsduvertige\/concoursphotopaques\/wp-json\/wp\/v2\/pages\/8\/revisions\/89"}],"wp:attachment":[{"href":"http:\/\/jeu-digital.fr\/terroirsduvertige\/concoursphotopaques\/wp-json\/wp\/v2\/media?parent=8"}],"curies":[{"name":"wp","href":"https:\/\/api.w.org\/{rel}","templated":true}]}}