{"id":7,"date":"2025-11-27T16:15:35","date_gmt":"2025-11-27T15:15:35","guid":{"rendered":"https:\/\/jeu-digital.fr\/alaryk\/grand-jeu-de-noel\/?page_id=7"},"modified":"2025-11-28T10:21:00","modified_gmt":"2025-11-28T09:21:00","slug":"accueil","status":"publish","type":"page","link":"https:\/\/jeu-digital.fr\/alaryk\/grand-jeu-de-noel\/","title":{"rendered":"Accueil"},"content":{"rendered":"\t\t<div data-elementor-type=\"wp-post\" data-elementor-id=\"7\" class=\"elementor elementor-7\">\n\t\t\t\t<div class=\"elementor-element elementor-element-99437ea e-con-full e-flex e-con e-parent\" data-id=\"99437ea\" data-element_type=\"container\" data-settings=\"{&quot;background_background&quot;:&quot;classic&quot;}\">\n\t\t<div class=\"elementor-element elementor-element-6b94f40 e-con-full e-flex e-con e-child\" data-id=\"6b94f40\" data-element_type=\"container\">\n\t\t<div class=\"elementor-element elementor-element-e6cccde e-con-full e-flex e-con e-child\" data-id=\"e6cccde\" data-element_type=\"container\">\n\t\t\t\t<div class=\"elementor-element elementor-element-b5620a7 elementor-widget elementor-widget-image\" data-id=\"b5620a7\" data-element_type=\"widget\" data-widget_type=\"image.default\">\n\t\t\t\t\t\t\t\t\t\t\t\t\t\t\t<img decoding=\"async\" width=\"376\" height=\"92\" src=\"https:\/\/jeu-digital.fr\/alaryk\/grand-jeu-de-noel\/wp-content\/uploads\/2025\/11\/designbyk-blanc.png\" class=\"attachment-large size-large wp-image-63\" alt=\"\" srcset=\"https:\/\/jeu-digital.fr\/alaryk\/grand-jeu-de-noel\/wp-content\/uploads\/2025\/11\/designbyk-blanc.png 376w, https:\/\/jeu-digital.fr\/alaryk\/grand-jeu-de-noel\/wp-content\/uploads\/2025\/11\/designbyk-blanc-300x73.png 300w\" sizes=\"(max-width: 376px) 100vw, 376px\" \/>\t\t\t\t\t\t\t\t\t\t\t\t\t\t\t<\/div>\n\t\t\t\t<\/div>\n\t\t<div class=\"elementor-element elementor-element-c428232 e-con-full e-flex e-con e-child\" data-id=\"c428232\" data-element_type=\"container\">\n\t\t\t\t<div class=\"elementor-element elementor-element-bf06496 elementor-widget elementor-widget-image\" data-id=\"bf06496\" data-element_type=\"widget\" data-widget_type=\"image.default\">\n\t\t\t\t\t\t\t\t\t\t\t\t\t\t\t<img fetchpriority=\"high\" decoding=\"async\" width=\"513\" height=\"298\" src=\"https:\/\/jeu-digital.fr\/alaryk\/grand-jeu-de-noel\/wp-content\/uploads\/2025\/11\/logo-signature-blanc-512px.png\" class=\"attachment-large size-large wp-image-50\" alt=\"\" srcset=\"https:\/\/jeu-digital.fr\/alaryk\/grand-jeu-de-noel\/wp-content\/uploads\/2025\/11\/logo-signature-blanc-512px.png 513w, https:\/\/jeu-digital.fr\/alaryk\/grand-jeu-de-noel\/wp-content\/uploads\/2025\/11\/logo-signature-blanc-512px-300x174.png 300w\" sizes=\"(max-width: 513px) 100vw, 513px\" \/>\t\t\t\t\t\t\t\t\t\t\t\t\t\t\t<\/div>\n\t\t<div class=\"elementor-element elementor-element-b54dc9f e-con-full e-flex e-con e-child\" data-id=\"b54dc9f\" data-element_type=\"container\">\n\t\t\t\t<div class=\"elementor-element elementor-element-d1bb457 elementor-widget elementor-widget-heading\" data-id=\"d1bb457\" data-element_type=\"widget\" data-widget_type=\"heading.default\">\n\t\t\t\t\t<span class=\"elementor-heading-title elementor-size-default\">Jusqu'au 21 d\u00e9cembre,<\/span>\t\t\t\t<\/div>\n\t\t\t\t<div class=\"elementor-element elementor-element-15860ce elementor-widget elementor-widget-heading\" data-id=\"15860ce\" data-element_type=\"widget\" data-widget_type=\"heading.default\">\n\t\t\t\t\t<span class=\"elementor-heading-title elementor-size-default\">Participez \u00e0 notre<\/span>\t\t\t\t<\/div>\n\t\t\t\t<div class=\"elementor-element elementor-element-62f83c8 elementor-widget elementor-widget-heading\" data-id=\"62f83c8\" data-element_type=\"widget\" data-widget_type=\"heading.default\">\n\t\t\t\t\t<h1 class=\"elementor-heading-title elementor-size-default\">Grand jeu de No\u00ebl<\/h1>\t\t\t\t<\/div>\n\t\t\t\t<div class=\"elementor-element elementor-element-703a24e elementor-widget elementor-widget-heading\" data-id=\"703a24e\" data-element_type=\"widget\" data-widget_type=\"heading.default\">\n\t\t\t\t\t<span class=\"elementor-heading-title elementor-size-default\">Et tentez de remporter de nombreux cadeaux<\/span>\t\t\t\t<\/div>\n\t\t\t\t<\/div>\n\t\t\t\t<div class=\"elementor-element elementor-element-16ff829 elementor-widget elementor-widget-image\" data-id=\"16ff829\" data-element_type=\"widget\" data-widget_type=\"image.default\">\n\t\t\t\t\t\t\t\t\t\t\t\t\t\t\t<img decoding=\"async\" width=\"800\" height=\"605\" src=\"https:\/\/jeu-digital.fr\/alaryk\/grand-jeu-de-noel\/wp-content\/uploads\/2025\/11\/lots-1024x775.webp\" class=\"attachment-large size-large wp-image-61\" alt=\"\" srcset=\"https:\/\/jeu-digital.fr\/alaryk\/grand-jeu-de-noel\/wp-content\/uploads\/2025\/11\/lots-1024x775.webp 1024w, https:\/\/jeu-digital.fr\/alaryk\/grand-jeu-de-noel\/wp-content\/uploads\/2025\/11\/lots-300x227.webp 300w, https:\/\/jeu-digital.fr\/alaryk\/grand-jeu-de-noel\/wp-content\/uploads\/2025\/11\/lots-768x581.webp 768w, https:\/\/jeu-digital.fr\/alaryk\/grand-jeu-de-noel\/wp-content\/uploads\/2025\/11\/lots.webp 1357w\" sizes=\"(max-width: 800px) 100vw, 800px\" \/>\t\t\t\t\t\t\t\t\t\t\t\t\t\t\t<\/div>\n\t\t\t\t<div class=\"elementor-element elementor-element-7fbad10 elementor-align-center elementor-widget elementor-widget-button\" data-id=\"7fbad10\" data-element_type=\"widget\" data-widget_type=\"button.default\">\n\t\t\t\t\t\t\t\t\t\t<a class=\"elementor-button elementor-button-link elementor-size-sm\" href=\"https:\/\/jeu-digital.fr\/alaryk\/grand-jeu-de-noel\/jeu\/\">\n\t\t\t\t\t\t<span class=\"elementor-button-content-wrapper\">\n\t\t\t\t\t\t\t\t\t<span class=\"elementor-button-text\">Je participe !<\/span>\n\t\t\t\t\t<\/span>\n\t\t\t\t\t<\/a>\n\t\t\t\t\t\t\t\t<\/div>\n\t\t\t\t<\/div>\n\t\t<div class=\"elementor-element elementor-element-ebf25f3 e-con-full e-flex e-con e-child\" data-id=\"ebf25f3\" data-element_type=\"container\">\n\t\t\t\t<div class=\"elementor-element elementor-element-ff60ae8 elementor-view-stacked elementor-shape-circle elementor-widget elementor-widget-icon\" data-id=\"ff60ae8\" data-element_type=\"widget\" data-widget_type=\"icon.default\">\n\t\t\t\t\t\t\t<div class=\"elementor-icon-wrapper\">\n\t\t\t<a class=\"elementor-icon\" href=\"https:\/\/maisonalaryk.fr\/\" target=\"_blank\">\n\t\t\t<svg aria-hidden=\"true\" class=\"e-font-icon-svg e-fas-globe\" viewBox=\"0 0 496 512\" xmlns=\"http:\/\/www.w3.org\/2000\/svg\"><path d=\"M336.5 160C322 70.7 287.8 8 248 8s-74 62.7-88.5 152h177zM152 256c0 22.2 1.2 43.5 3.3 64h185.3c2.1-20.5 3.3-41.8 3.3-64s-1.2-43.5-3.3-64H155.3c-2.1 20.5-3.3 41.8-3.3 64zm324.7-96c-28.6-67.9-86.5-120.4-158-141.6 24.4 33.8 41.2 84.7 50 141.6h108zM177.2 18.4C105.8 39.6 47.8 92.1 19.3 160h108c8.7-56.9 25.5-107.8 49.9-141.6zM487.4 192H372.7c2.1 21 3.3 42.5 3.3 64s-1.2 43-3.3 64h114.6c5.5-20.5 8.6-41.8 8.6-64s-3.1-43.5-8.5-64zM120 256c0-21.5 1.2-43 3.3-64H8.6C3.2 212.5 0 233.8 0 256s3.2 43.5 8.6 64h114.6c-2-21-3.2-42.5-3.2-64zm39.5 96c14.5 89.3 48.7 152 88.5 152s74-62.7 88.5-152h-177zm159.3 141.6c71.4-21.2 129.4-73.7 158-141.6h-108c-8.8 56.9-25.6 107.8-50 141.6zM19.3 352c28.6 67.9 86.5 120.4 158 141.6-24.4-33.8-41.2-84.7-50-141.6h-108z\"><\/path><\/svg>\t\t\t<\/a>\n\t\t<\/div>\n\t\t\t\t\t\t<\/div>\n\t\t\t\t<div class=\"elementor-element elementor-element-ade897e elementor-view-stacked elementor-shape-circle elementor-widget elementor-widget-icon\" data-id=\"ade897e\" data-element_type=\"widget\" data-widget_type=\"icon.default\">\n\t\t\t\t\t\t\t<div class=\"elementor-icon-wrapper\">\n\t\t\t<a class=\"elementor-icon\" href=\"https:\/\/www.facebook.com\/maisonalaryk\" target=\"_blank\">\n\t\t\t<svg aria-hidden=\"true\" class=\"e-font-icon-svg e-fab-facebook-f\" viewBox=\"0 0 320 512\" xmlns=\"http:\/\/www.w3.org\/2000\/svg\"><path d=\"M279.14 288l14.22-92.66h-88.91v-60.13c0-25.35 12.42-50.06 52.24-50.06h40.42V6.26S260.43 0 225.36 0c-73.22 0-121.08 44.38-121.08 124.72v70.62H22.89V288h81.39v224h100.17V288z\"><\/path><\/svg>\t\t\t<\/a>\n\t\t<\/div>\n\t\t\t\t\t\t<\/div>\n\t\t\t\t<div class=\"elementor-element elementor-element-0aafb74 elementor-view-stacked elementor-shape-circle elementor-widget elementor-widget-icon\" data-id=\"0aafb74\" data-element_type=\"widget\" data-widget_type=\"icon.default\">\n\t\t\t\t\t\t\t<div class=\"elementor-icon-wrapper\">\n\t\t\t<a class=\"elementor-icon\" href=\"https:\/\/www.instagram.com\/maisonalaryk\/\" target=\"_blank\">\n\t\t\t<svg aria-hidden=\"true\" class=\"e-font-icon-svg e-fab-instagram\" viewBox=\"0 0 448 512\" xmlns=\"http:\/\/www.w3.org\/2000\/svg\"><path d=\"M224.1 141c-63.6 0-114.9 51.3-114.9 114.9s51.3 114.9 114.9 114.9S339 319.5 339 255.9 287.7 141 224.1 141zm0 189.6c-41.1 0-74.7-33.5-74.7-74.7s33.5-74.7 74.7-74.7 74.7 33.5 74.7 74.7-33.6 74.7-74.7 74.7zm146.4-194.3c0 14.9-12 26.8-26.8 26.8-14.9 0-26.8-12-26.8-26.8s12-26.8 26.8-26.8 26.8 12 26.8 26.8zm76.1 27.2c-1.7-35.9-9.9-67.7-36.2-93.9-26.2-26.2-58-34.4-93.9-36.2-37-2.1-147.9-2.1-184.9 0-35.8 1.7-67.6 9.9-93.9 36.1s-34.4 58-36.2 93.9c-2.1 37-2.1 147.9 0 184.9 1.7 35.9 9.9 67.7 36.2 93.9s58 34.4 93.9 36.2c37 2.1 147.9 2.1 184.9 0 35.9-1.7 67.7-9.9 93.9-36.2 26.2-26.2 34.4-58 36.2-93.9 2.1-37 2.1-147.8 0-184.8zM398.8 388c-7.8 19.6-22.9 34.7-42.6 42.6-29.5 11.7-99.5 9-132.1 9s-102.7 2.6-132.1-9c-19.6-7.8-34.7-22.9-42.6-42.6-11.7-29.5-9-99.5-9-132.1s-2.6-102.7 9-132.1c7.8-19.6 22.9-34.7 42.6-42.6 29.5-11.7 99.5-9 132.1-9s102.7-2.6 132.1 9c19.6 7.8 34.7 22.9 42.6 42.6 11.7 29.5 9 99.5 9 132.1s2.7 102.7-9 132.1z\"><\/path><\/svg>\t\t\t<\/a>\n\t\t<\/div>\n\t\t\t\t\t\t<\/div>\n\t\t\t\t<\/div>\n\t\t\t\t<\/div>\n\t\t<div class=\"elementor-element elementor-element-eb217e3 e-con-full e-flex e-con e-child\" data-id=\"eb217e3\" data-element_type=\"container\" data-settings=\"{&quot;background_background&quot;:&quot;classic&quot;}\">\n\t\t\t\t<div class=\"elementor-element elementor-element-6914b71 elementor-widget elementor-widget-heading\" data-id=\"6914b71\" data-element_type=\"widget\" data-widget_type=\"heading.default\">\n\t\t\t\t\t<span class=\"elementor-heading-title elementor-size-default\">L'abus d'alcool est dangereux pour la sant\u00e9. \u00e0 consommer avec mod\u00e9ration.<\/span>\t\t\t\t<\/div>\n\t\t\t\t<\/div>\n\t\t\t\t<\/div>\n\t\t\t\t<\/div>\n\t\t","protected":false},"excerpt":{"rendered":"<p>Jusqu&rsquo;au 21 d\u00e9cembre, Participez \u00e0 notre Grand jeu de No\u00ebl Et tentez de remporter de nombreux cadeaux Je participe ! L&rsquo;abus d&rsquo;alcool est dangereux pour la sant\u00e9. \u00e0 consommer avec mod\u00e9ration.<\/p>\n","protected":false},"author":1,"featured_media":0,"parent":0,"menu_order":0,"comment_status":"closed","ping_status":"closed","template":"elementor_canvas","meta":{"footnotes":""},"class_list":["post-7","page","type-page","status-publish","hentry"],"_links":{"self":[{"href":"https:\/\/jeu-digital.fr\/alaryk\/grand-jeu-de-noel\/wp-json\/wp\/v2\/pages\/7","targetHints":{"allow":["GET"]}}],"collection":[{"href":"https:\/\/jeu-digital.fr\/alaryk\/grand-jeu-de-noel\/wp-json\/wp\/v2\/pages"}],"about":[{"href":"https:\/\/jeu-digital.fr\/alaryk\/grand-jeu-de-noel\/wp-json\/wp\/v2\/types\/page"}],"author":[{"embeddable":true,"href":"https:\/\/jeu-digital.fr\/alaryk\/grand-jeu-de-noel\/wp-json\/wp\/v2\/users\/1"}],"replies":[{"embeddable":true,"href":"https:\/\/jeu-digital.fr\/alaryk\/grand-jeu-de-noel\/wp-json\/wp\/v2\/comments?post=7"}],"version-history":[{"count":21,"href":"https:\/\/jeu-digital.fr\/alaryk\/grand-jeu-de-noel\/wp-json\/wp\/v2\/pages\/7\/revisions"}],"predecessor-version":[{"id":87,"href":"https:\/\/jeu-digital.fr\/alaryk\/grand-jeu-de-noel\/wp-json\/wp\/v2\/pages\/7\/revisions\/87"}],"wp:attachment":[{"href":"https:\/\/jeu-digital.fr\/alaryk\/grand-jeu-de-noel\/wp-json\/wp\/v2\/media?parent=7"}],"curies":[{"name":"wp","href":"https:\/\/api.w.org\/{rel}","templated":true}]}}