{"id":76,"date":"2025-09-01T14:25:58","date_gmt":"2025-09-01T12:25:58","guid":{"rendered":"https:\/\/jeu-digital.fr\/argeliers\/quiz-rentree\/?page_id=76"},"modified":"2025-09-01T15:41:47","modified_gmt":"2025-09-01T13:41:47","slug":"formulaire","status":"publish","type":"page","link":"https:\/\/jeu-digital.fr\/argeliers\/quiz-rentree\/formulaire\/","title":{"rendered":"Formulaire"},"content":{"rendered":"\t\t<div data-elementor-type=\"wp-page\" data-elementor-id=\"76\" class=\"elementor elementor-76\" data-elementor-post-type=\"page\">\n\t\t\t\t<div class=\"elementor-element elementor-element-2527b14 e-con-full e-flex e-con e-parent\" data-id=\"2527b14\" data-element_type=\"container\" data-settings=\"{&quot;background_background&quot;:&quot;classic&quot;}\">\n\t\t<div class=\"elementor-element elementor-element-91059e9 e-con-full e-flex e-con e-child\" data-id=\"91059e9\" data-element_type=\"container\">\n\t\t\t\t<div class=\"elementor-element elementor-element-a111542 elementor-widget elementor-widget-image\" data-id=\"a111542\" data-element_type=\"widget\" data-widget_type=\"image.default\">\n\t\t\t\t\t\t\t\t\t\t\t\t\t\t\t<img fetchpriority=\"high\" decoding=\"async\" width=\"1134\" height=\"275\" src=\"https:\/\/jeu-digital.fr\/argeliers\/quiz-rentree\/wp-content\/uploads\/2025\/09\/TITRE2-FORM-GRAND-CELIER.webp\" class=\"elementor-animation-grow attachment-full size-full wp-image-79\" alt=\"\" srcset=\"https:\/\/jeu-digital.fr\/argeliers\/quiz-rentree\/wp-content\/uploads\/2025\/09\/TITRE2-FORM-GRAND-CELIER.webp 1134w, https:\/\/jeu-digital.fr\/argeliers\/quiz-rentree\/wp-content\/uploads\/2025\/09\/TITRE2-FORM-GRAND-CELIER-300x73.webp 300w, https:\/\/jeu-digital.fr\/argeliers\/quiz-rentree\/wp-content\/uploads\/2025\/09\/TITRE2-FORM-GRAND-CELIER-1024x248.webp 1024w, https:\/\/jeu-digital.fr\/argeliers\/quiz-rentree\/wp-content\/uploads\/2025\/09\/TITRE2-FORM-GRAND-CELIER-768x186.webp 768w\" sizes=\"(max-width: 1134px) 100vw, 1134px\" \/>\t\t\t\t\t\t\t\t\t\t\t\t\t\t\t<\/div>\n\t\t\t\t<\/div>\n\t\t<div class=\"elementor-element elementor-element-74ae2b3 e-con-full e-flex e-con e-child\" data-id=\"74ae2b3\" data-element_type=\"container\">\n\t\t\t\t<div class=\"elementor-element elementor-element-e2f1746 eael-gravity-form-button-full-width elementor-widget elementor-widget-eael-gravity-form\" data-id=\"e2f1746\" data-element_type=\"widget\" data-widget_type=\"eael-gravity-form.default\">\n\t\t\t\t\t\t\t\t<div class=\"eael-contact-form eael-gravity-form placeholder-hide eael-contact-form-align-left\">\n\t\t        <p>Le quiz est maintenant termin\u00e9, merci pour vos participations !<\/p>\t\t\t<\/div>\n            \t\t\t\t<\/div>\n\t\t\t\t<\/div>\n\t\t<div class=\"elementor-element elementor-element-b775e95 e-con-full e-flex e-con e-child\" data-id=\"b775e95\" data-element_type=\"container\" data-settings=\"{&quot;background_background&quot;:&quot;classic&quot;}\">\n\t\t\t\t<div class=\"elementor-element elementor-element-ca373a2 elementor-widget elementor-widget-image\" data-id=\"ca373a2\" data-element_type=\"widget\" data-widget_type=\"image.default\">\n\t\t\t\t\t\t\t\t\t\t\t\t\t\t\t\t<a href=\"https:\/\/www.facebook.com\/legrandcelier\" target=\"_blank\">\n\t\t\t\t\t\t\t<img decoding=\"async\" width=\"22\" height=\"41\" src=\"https:\/\/jeu-digital.fr\/argeliers\/quiz-rentree\/wp-content\/uploads\/2025\/09\/FACEBOOK-GRAND-CELIER.webp\" class=\"elementor-animation-grow attachment-full size-full wp-image-36\" alt=\"\" \/>\t\t\t\t\t\t\t\t<\/a>\n\t\t\t\t\t\t\t\t\t\t\t\t\t\t\t<\/div>\n\t\t\t\t<div class=\"elementor-element elementor-element-0c21e99 elementor-widget elementor-widget-image\" data-id=\"0c21e99\" data-element_type=\"widget\" data-widget_type=\"image.default\">\n\t\t\t\t\t\t\t\t\t\t\t\t\t\t\t\t<a href=\"https:\/\/www.instagram.com\/le_grand_celier\/\" target=\"_blank\">\n\t\t\t\t\t\t\t<img decoding=\"async\" width=\"41\" height=\"41\" src=\"https:\/\/jeu-digital.fr\/argeliers\/quiz-rentree\/wp-content\/uploads\/2025\/09\/INSTA-GRAND-CELIER.webp\" class=\"elementor-animation-grow attachment-full size-full wp-image-38\" alt=\"\" \/>\t\t\t\t\t\t\t\t<\/a>\n\t\t\t\t\t\t\t\t\t\t\t\t\t\t\t<\/div>\n\t\t\t\t<div class=\"elementor-element elementor-element-9825f5b elementor-widget elementor-widget-image\" data-id=\"9825f5b\" data-element_type=\"widget\" data-widget_type=\"image.default\">\n\t\t\t\t\t\t\t\t\t\t\t\t\t\t\t\t<a href=\"https:\/\/grand-celier.com\/\" target=\"_blank\">\n\t\t\t\t\t\t\t<img loading=\"lazy\" decoding=\"async\" width=\"181\" height=\"23\" src=\"https:\/\/jeu-digital.fr\/argeliers\/quiz-rentree\/wp-content\/uploads\/2025\/09\/SITE-GRAND-CELIER.webp\" class=\"elementor-animation-grow attachment-full size-full wp-image-29\" alt=\"\" \/>\t\t\t\t\t\t\t\t<\/a>\n\t\t\t\t\t\t\t\t\t\t\t\t\t\t\t<\/div>\n\t\t\t\t<\/div>\n\t\t\t\t<\/div>\n\t\t<div class=\"elementor-element elementor-element-d56c7af e-con-full elementor-hidden-mobile e-flex e-con e-parent\" data-id=\"d56c7af\" data-element_type=\"container\" data-settings=\"{&quot;position&quot;:&quot;absolute&quot;}\">\n\t\t\t\t<div class=\"elementor-element elementor-element-5a64cce elementor-widget elementor-widget-image\" data-id=\"5a64cce\" data-element_type=\"widget\" data-widget_type=\"image.default\">\n\t\t\t\t\t\t\t\t\t\t\t\t\t\t\t<img loading=\"lazy\" decoding=\"async\" width=\"15\" height=\"547\" src=\"https:\/\/jeu-digital.fr\/argeliers\/quiz-rentree\/wp-content\/uploads\/2025\/09\/MENTION-ALCOOL-GRAND-CELIER.webp\" class=\"attachment-full size-full wp-image-28\" alt=\"\" \/>\t\t\t\t\t\t\t\t\t\t\t\t\t\t\t<\/div>\n\t\t\t\t<div class=\"elementor-element elementor-element-a7bd7c5 elementor-widget elementor-widget-image\" data-id=\"a7bd7c5\" data-element_type=\"widget\" data-widget_type=\"image.default\">\n\t\t\t\t\t\t\t\t\t\t\t\t\t\t\t<img loading=\"lazy\" decoding=\"async\" width=\"24\" height=\"99\" src=\"https:\/\/jeu-digital.fr\/argeliers\/quiz-rentree\/wp-content\/uploads\/2025\/09\/DESIGNK-GRAND-CELIER.webp\" class=\"attachment-full size-full wp-image-35\" alt=\"\" \/>\t\t\t\t\t\t\t\t\t\t\t\t\t\t\t<\/div>\n\t\t\t\t<\/div>\n\t\t\t\t<\/div>\n\t\t","protected":false},"excerpt":{"rendered":"<p>\u00ab\u00a0*\u00a0\u00bb indique les champs n\u00e9cessaires \u00c9tape 1 sur 3 33% En quelle ann\u00e9e s&#039;est d\u00e9roul\u00e9e la derni\u00e8re r\u00e9volte vigneronne de France ?* En 1907 En 1914 En 1939 Si vous ne connaissez pas la r\u00e9ponse, pas d\u2019inqui\u00e9tude : elle vous attend sur notre site ! Quels sont les c\u00e9pages constituant l&#039;assemblage de notre cuv\u00e9e Qu\u00e9 [&hellip;]<\/p>\n","protected":false},"author":1,"featured_media":0,"parent":0,"menu_order":0,"comment_status":"closed","ping_status":"closed","template":"elementor_canvas","meta":{"footnotes":""},"class_list":["post-76","page","type-page","status-publish","hentry"],"_links":{"self":[{"href":"https:\/\/jeu-digital.fr\/argeliers\/quiz-rentree\/wp-json\/wp\/v2\/pages\/76","targetHints":{"allow":["GET"]}}],"collection":[{"href":"https:\/\/jeu-digital.fr\/argeliers\/quiz-rentree\/wp-json\/wp\/v2\/pages"}],"about":[{"href":"https:\/\/jeu-digital.fr\/argeliers\/quiz-rentree\/wp-json\/wp\/v2\/types\/page"}],"author":[{"embeddable":true,"href":"https:\/\/jeu-digital.fr\/argeliers\/quiz-rentree\/wp-json\/wp\/v2\/users\/1"}],"replies":[{"embeddable":true,"href":"https:\/\/jeu-digital.fr\/argeliers\/quiz-rentree\/wp-json\/wp\/v2\/comments?post=76"}],"version-history":[{"count":13,"href":"https:\/\/jeu-digital.fr\/argeliers\/quiz-rentree\/wp-json\/wp\/v2\/pages\/76\/revisions"}],"predecessor-version":[{"id":97,"href":"https:\/\/jeu-digital.fr\/argeliers\/quiz-rentree\/wp-json\/wp\/v2\/pages\/76\/revisions\/97"}],"wp:attachment":[{"href":"https:\/\/jeu-digital.fr\/argeliers\/quiz-rentree\/wp-json\/wp\/v2\/media?parent=76"}],"curies":[{"name":"wp","href":"https:\/\/api.w.org\/{rel}","templated":true}]}}