{"id":35,"date":"2023-11-30T11:34:24","date_gmt":"2023-11-30T10:34:24","guid":{"rendered":"https:\/\/jeu-digital.fr\/cellierdupic\/quizdenoel\/?page_id=35"},"modified":"2023-12-01T09:09:16","modified_gmt":"2023-12-01T08:09:16","slug":"quiz","status":"publish","type":"page","link":"https:\/\/jeu-digital.fr\/cellierdupic\/quizdenoel\/quiz\/","title":{"rendered":"quiz"},"content":{"rendered":"\t\t<div data-elementor-type=\"wp-page\" data-elementor-id=\"35\" class=\"elementor elementor-35\">\n\t\t\t\t\t\t\t<div class=\"elementor-element elementor-element-9cc2350 e-flex e-con-boxed e-con e-parent\" data-id=\"9cc2350\" data-element_type=\"container\" data-settings=\"{&quot;background_background&quot;:&quot;classic&quot;,&quot;content_width&quot;:&quot;boxed&quot;}\" data-core-v316-plus=\"true\">\n\t\t\t\t\t<div class=\"e-con-inner\">\n\t\t\t\t<div class=\"elementor-element elementor-element-dbe010a elementor-widget elementor-widget-image\" data-id=\"dbe010a\" data-element_type=\"widget\" data-widget_type=\"image.default\">\n\t\t\t\t<div class=\"elementor-widget-container\">\n\t\t\t<style>\/*! elementor - v3.17.0 - 08-11-2023 *\/\n.elementor-widget-image{text-align:center}.elementor-widget-image a{display:inline-block}.elementor-widget-image a img[src$=\".svg\"]{width:48px}.elementor-widget-image img{vertical-align:middle;display:inline-block}<\/style>\t\t\t\t\t\t\t\t\t\t\t\t<img fetchpriority=\"high\" decoding=\"async\" width=\"800\" height=\"565\" src=\"https:\/\/jeu-digital.fr\/cellierdupic\/quizdenoel\/wp-content\/uploads\/2023\/11\/logo_quiz_de_noel.png\" class=\"attachment-large size-large wp-image-22\" alt=\"\" srcset=\"https:\/\/jeu-digital.fr\/cellierdupic\/quizdenoel\/wp-content\/uploads\/2023\/11\/logo_quiz_de_noel.png 893w, https:\/\/jeu-digital.fr\/cellierdupic\/quizdenoel\/wp-content\/uploads\/2023\/11\/logo_quiz_de_noel-300x212.png 300w, https:\/\/jeu-digital.fr\/cellierdupic\/quizdenoel\/wp-content\/uploads\/2023\/11\/logo_quiz_de_noel-768x543.png 768w\" sizes=\"(max-width: 800px) 100vw, 800px\" \/>\t\t\t\t\t\t\t\t\t\t\t\t\t\t\t<\/div>\n\t\t\t\t<\/div>\n\t\t\t\t<div class=\"elementor-element elementor-element-2c21f12 eael-gravity-form-button-custom elementor-widget elementor-widget-eael-gravity-form\" data-id=\"2c21f12\" data-element_type=\"widget\" data-widget_type=\"eael-gravity-form.default\">\n\t\t\t\t<div class=\"elementor-widget-container\">\n\t\t\t            <div class=\"eael-contact-form eael-gravity-form placeholder-hide eael-custom-radio-checkbox eael-contact-form-align-default\">\n                                <p>Les participations au quiz sont termin\u00e9es. Merci \u00e0 tous !<\/p>            <\/div>\n            \t\t<\/div>\n\t\t\t\t<\/div>\n\t\t\t\t\t<\/div>\n\t\t\t\t<\/div>\n\t\t\t\t\t\t\t<\/div>\n\t\t","protected":false},"excerpt":{"rendered":"<p>\u00c9tape 1 sur 11 9% Nom* Pr\u00e9nom* E-mail* Saisissez un e-mail Confirmez l\u2019e-mail Adresse* Ville* Code postal* T\u00e9l\u00e9phone* R\u00e8glement du jeu* J&rsquo;accepte le<\/p>\n","protected":false},"author":1,"featured_media":0,"parent":0,"menu_order":0,"comment_status":"closed","ping_status":"closed","template":"elementor_canvas","meta":{"footnotes":""},"class_list":["post-35","page","type-page","status-publish","hentry"],"_links":{"self":[{"href":"https:\/\/jeu-digital.fr\/cellierdupic\/quizdenoel\/wp-json\/wp\/v2\/pages\/35","targetHints":{"allow":["GET"]}}],"collection":[{"href":"https:\/\/jeu-digital.fr\/cellierdupic\/quizdenoel\/wp-json\/wp\/v2\/pages"}],"about":[{"href":"https:\/\/jeu-digital.fr\/cellierdupic\/quizdenoel\/wp-json\/wp\/v2\/types\/page"}],"author":[{"embeddable":true,"href":"https:\/\/jeu-digital.fr\/cellierdupic\/quizdenoel\/wp-json\/wp\/v2\/users\/1"}],"replies":[{"embeddable":true,"href":"https:\/\/jeu-digital.fr\/cellierdupic\/quizdenoel\/wp-json\/wp\/v2\/comments?post=35"}],"version-history":[{"count":40,"href":"https:\/\/jeu-digital.fr\/cellierdupic\/quizdenoel\/wp-json\/wp\/v2\/pages\/35\/revisions"}],"predecessor-version":[{"id":206,"href":"https:\/\/jeu-digital.fr\/cellierdupic\/quizdenoel\/wp-json\/wp\/v2\/pages\/35\/revisions\/206"}],"wp:attachment":[{"href":"https:\/\/jeu-digital.fr\/cellierdupic\/quizdenoel\/wp-json\/wp\/v2\/media?parent=35"}],"curies":[{"name":"wp","href":"https:\/\/api.w.org\/{rel}","templated":true}]}}