{"id":263,"date":"2023-02-22T15:01:51","date_gmt":"2023-02-22T14:01:51","guid":{"rendered":"https:\/\/jeu-digital.fr\/cofruidoc\/le-quiz-legend\/?page_id=263"},"modified":"2023-03-17T18:17:19","modified_gmt":"2023-03-17T17:17:19","slug":"timer","status":"publish","type":"page","link":"https:\/\/jeu-digital.fr\/cofruidoc\/le-quiz-legend\/timer\/","title":{"rendered":"Timer"},"content":{"rendered":"\t\t<div data-elementor-type=\"wp-page\" data-elementor-id=\"263\" class=\"elementor elementor-263\">\n\t\t\t\t\t\t\t\t\t<section class=\"elementor-section elementor-top-section elementor-element elementor-element-88ed6ba elementor-section-height-full elementor-section-boxed elementor-section-height-default elementor-section-items-middle\" data-id=\"88ed6ba\" data-element_type=\"section\" data-settings=\"{&quot;background_background&quot;:&quot;classic&quot;}\">\n\t\t\t\t\t\t<div class=\"elementor-container elementor-column-gap-default\">\n\t\t\t\t\t<div class=\"elementor-column elementor-col-100 elementor-top-column elementor-element elementor-element-d1fdca4\" data-id=\"d1fdca4\" data-element_type=\"column\" data-settings=\"{&quot;background_background&quot;:&quot;classic&quot;}\">\n\t\t\t<div class=\"elementor-widget-wrap elementor-element-populated\">\n\t\t\t\t\t\t\t\t<div class=\"elementor-element elementor-element-375d620 elementor-hidden-desktop elementor-hidden-tablet elementor-widget elementor-widget-eael-countdown\" data-id=\"375d620\" data-element_type=\"widget\" data-widget_type=\"eael-countdown.default\">\n\t\t\t\t<div class=\"elementor-widget-container\">\n\t\t\t\n\t\t<div class=\"eael-countdown-wrapper\" data-countdown-id=\"375d620\" data-expire-type=\"url\" data-countdown-type=\"due_date\" data-redirect-url=\"https:\/\/jeu-digital.fr\/cofruidoc\/le-quiz-legend\/quiz\/\">\n\t\t\t<div class=\"eael-countdown-container eael-countdown-label-block  eael-countdown-label-inline-mobile \">\n\t\t\t\t<ul id=\"eael-countdown-375d620\" class=\"eael-countdown-items\" data-date=\"Feb 27 2023 0:00:00 +2\">\n\t\t\t\t\t<li class=\"eael-countdown-item\"><div class=\"eael-countdown-days\"><span data-days class=\"eael-countdown-digits\">00<\/span><span class=\"eael-countdown-label\">Jours<\/span><\/div><\/li>\t\t\t\t\t<li class=\"eael-countdown-item\"><div class=\"eael-countdown-hours\"><span data-hours class=\"eael-countdown-digits\">00<\/span><span class=\"eael-countdown-label\">Heures<\/span><\/div><\/li>\t\t\t\t<li class=\"eael-countdown-item\"><div class=\"eael-countdown-minutes\"><span data-minutes class=\"eael-countdown-digits\">00<\/span><span class=\"eael-countdown-label\">Minutes<\/span><\/div><\/li>\t\t\t\t<li class=\"eael-countdown-item\"><div class=\"eael-countdown-seconds\"><span data-seconds class=\"eael-countdown-digits\">00<\/span><span class=\"eael-countdown-label\">Secondes<\/span><\/div><\/li>\t\t\t\t<\/ul>\n                <div class=\"eael-countdown-expiry-template\" style=\"display: none;\">\n\t\t\t\t\t                <\/div>\n\t\t\t\t<div class=\"clearfix\"><\/div>\n\t\t\t<\/div>\n\t\t<\/div>\n\n\t\t\t<\/div>\n\t\t\t\t<\/div>\n\t\t\t\t<div class=\"elementor-element elementor-element-866dd50 elementor-hidden-mobile elementor-widget elementor-widget-eael-countdown\" data-id=\"866dd50\" data-element_type=\"widget\" data-widget_type=\"eael-countdown.default\">\n\t\t\t\t<div class=\"elementor-widget-container\">\n\t\t\t\n\t\t<div class=\"eael-countdown-wrapper\" data-countdown-id=\"866dd50\" data-expire-type=\"url\" data-countdown-type=\"due_date\" data-redirect-url=\"https:\/\/jeu-digital.fr\/cofruidoc\/le-quiz-legend\/quiz\/\">\n\t\t\t<div class=\"eael-countdown-container eael-countdown-label-block  eael-countdown-label-inline-mobile \">\n\t\t\t\t<ul id=\"eael-countdown-866dd50\" class=\"eael-countdown-items\" data-date=\"Feb 27 2023 0:00:00 +2\">\n\t\t\t\t\t<li class=\"eael-countdown-item\"><div class=\"eael-countdown-days\"><span data-days class=\"eael-countdown-digits\">00<\/span><span class=\"eael-countdown-label\">Jours<\/span><\/div><\/li>\t\t\t\t\t<li class=\"eael-countdown-item\"><div class=\"eael-countdown-hours\"><span data-hours class=\"eael-countdown-digits\">00<\/span><span class=\"eael-countdown-label\">Heures<\/span><\/div><\/li>\t\t\t\t<li class=\"eael-countdown-item\"><div class=\"eael-countdown-minutes\"><span data-minutes class=\"eael-countdown-digits\">00<\/span><span class=\"eael-countdown-label\">Minutes<\/span><\/div><\/li>\t\t\t\t<li class=\"eael-countdown-item\"><div class=\"eael-countdown-seconds\"><span data-seconds class=\"eael-countdown-digits\">00<\/span><span class=\"eael-countdown-label\">Secondes<\/span><\/div><\/li>\t\t\t\t<\/ul>\n                <div class=\"eael-countdown-expiry-template\" style=\"display: none;\">\n\t\t\t\t\t                <\/div>\n\t\t\t\t<div class=\"clearfix\"><\/div>\n\t\t\t<\/div>\n\t\t<\/div>\n\n\t\t\t<\/div>\n\t\t\t\t<\/div>\n\t\t\t\t<div class=\"elementor-element elementor-element-8018834 elementor-widget elementor-widget-text-editor\" data-id=\"8018834\" data-element_type=\"widget\" data-widget_type=\"text-editor.default\">\n\t\t\t\t<div class=\"elementor-widget-container\">\n\t\t\t<style>\/*! elementor - v3.11.2 - 22-02-2023 *\/\n.elementor-widget-text-editor.elementor-drop-cap-view-stacked .elementor-drop-cap{background-color:#818a91;color:#fff}.elementor-widget-text-editor.elementor-drop-cap-view-framed .elementor-drop-cap{color:#818a91;border:3px solid;background-color:transparent}.elementor-widget-text-editor:not(.elementor-drop-cap-view-default) .elementor-drop-cap{margin-top:8px}.elementor-widget-text-editor:not(.elementor-drop-cap-view-default) .elementor-drop-cap-letter{width:1em;height:1em}.elementor-widget-text-editor .elementor-drop-cap{float:left;text-align:center;line-height:1;font-size:50px}.elementor-widget-text-editor .elementor-drop-cap-letter{display:inline-block}<\/style>\t\t\t\t<p>En attendant, suivez Legend\u00ae sur les r\u00e9seaux sociaux pour rester au courant des derni\u00e8res actualit\u00e9s et jeux concours !<\/p>\t\t\t\t\t\t<\/div>\n\t\t\t\t<\/div>\n\t\t\t\t<section class=\"elementor-section elementor-inner-section elementor-element elementor-element-a495653 elementor-section-boxed elementor-section-height-default elementor-section-height-default\" data-id=\"a495653\" data-element_type=\"section\">\n\t\t\t\t\t\t<div class=\"elementor-container elementor-column-gap-default\">\n\t\t\t\t\t<div class=\"elementor-column elementor-col-50 elementor-inner-column elementor-element elementor-element-1bff032\" data-id=\"1bff032\" data-element_type=\"column\">\n\t\t\t<div class=\"elementor-widget-wrap elementor-element-populated\">\n\t\t\t\t\t\t\t\t<div class=\"elementor-element elementor-element-3706576 elementor-widget elementor-widget-image\" data-id=\"3706576\" data-element_type=\"widget\" data-widget_type=\"image.default\">\n\t\t\t\t<div class=\"elementor-widget-container\">\n\t\t\t<style>\/*! elementor - v3.11.2 - 22-02-2023 *\/\n.elementor-widget-image{text-align:center}.elementor-widget-image a{display:inline-block}.elementor-widget-image a img[src$=\".svg\"]{width:48px}.elementor-widget-image img{vertical-align:middle;display:inline-block}<\/style>\t\t\t\t\t\t\t\t\t\t\t\t\t<a href=\"https:\/\/www.instagram.com\/legendapplefr\/\" target=\"_blank\">\n\t\t\t\t\t\t\t<img loading=\"lazy\" decoding=\"async\" width=\"1080\" height=\"1080\" src=\"https:\/\/jeu-digital.fr\/cofruidoc\/le-quiz-legend\/wp-content\/uploads\/2023\/02\/Picto-IG.png\" class=\"attachment-full size-full wp-image-261\" alt=\"\" srcset=\"https:\/\/jeu-digital.fr\/cofruidoc\/le-quiz-legend\/wp-content\/uploads\/2023\/02\/Picto-IG.png 1080w, https:\/\/jeu-digital.fr\/cofruidoc\/le-quiz-legend\/wp-content\/uploads\/2023\/02\/Picto-IG-300x300.png 300w, https:\/\/jeu-digital.fr\/cofruidoc\/le-quiz-legend\/wp-content\/uploads\/2023\/02\/Picto-IG-1024x1024.png 1024w, https:\/\/jeu-digital.fr\/cofruidoc\/le-quiz-legend\/wp-content\/uploads\/2023\/02\/Picto-IG-150x150.png 150w, https:\/\/jeu-digital.fr\/cofruidoc\/le-quiz-legend\/wp-content\/uploads\/2023\/02\/Picto-IG-768x768.png 768w\" sizes=\"auto, (max-width: 1080px) 100vw, 1080px\" \/>\t\t\t\t\t\t\t\t<\/a>\n\t\t\t\t\t\t\t\t\t\t\t\t\t\t\t<\/div>\n\t\t\t\t<\/div>\n\t\t\t\t\t<\/div>\n\t\t<\/div>\n\t\t\t\t<div class=\"elementor-column elementor-col-50 elementor-inner-column elementor-element elementor-element-5dd27a4\" data-id=\"5dd27a4\" data-element_type=\"column\">\n\t\t\t<div class=\"elementor-widget-wrap elementor-element-populated\">\n\t\t\t\t\t\t\t\t<div class=\"elementor-element elementor-element-aa33908 elementor-widget elementor-widget-image\" data-id=\"aa33908\" data-element_type=\"widget\" data-widget_type=\"image.default\">\n\t\t\t\t<div class=\"elementor-widget-container\">\n\t\t\t\t\t\t\t\t\t\t\t\t\t\t\t\t<a href=\"https:\/\/www.facebook.com\/LegendAppleFR\/\" target=\"_blank\">\n\t\t\t\t\t\t\t<img loading=\"lazy\" decoding=\"async\" width=\"1080\" height=\"1080\" src=\"https:\/\/jeu-digital.fr\/cofruidoc\/le-quiz-legend\/wp-content\/uploads\/2023\/02\/Picto-FB.png\" class=\"attachment-full size-full wp-image-260\" alt=\"\" srcset=\"https:\/\/jeu-digital.fr\/cofruidoc\/le-quiz-legend\/wp-content\/uploads\/2023\/02\/Picto-FB.png 1080w, https:\/\/jeu-digital.fr\/cofruidoc\/le-quiz-legend\/wp-content\/uploads\/2023\/02\/Picto-FB-300x300.png 300w, https:\/\/jeu-digital.fr\/cofruidoc\/le-quiz-legend\/wp-content\/uploads\/2023\/02\/Picto-FB-1024x1024.png 1024w, https:\/\/jeu-digital.fr\/cofruidoc\/le-quiz-legend\/wp-content\/uploads\/2023\/02\/Picto-FB-150x150.png 150w, https:\/\/jeu-digital.fr\/cofruidoc\/le-quiz-legend\/wp-content\/uploads\/2023\/02\/Picto-FB-768x768.png 768w\" sizes=\"auto, (max-width: 1080px) 100vw, 1080px\" \/>\t\t\t\t\t\t\t\t<\/a>\n\t\t\t\t\t\t\t\t\t\t\t\t\t\t\t<\/div>\n\t\t\t\t<\/div>\n\t\t\t\t\t<\/div>\n\t\t<\/div>\n\t\t\t\t\t\t\t<\/div>\n\t\t<\/section>\n\t\t\t\t\t<\/div>\n\t\t<\/div>\n\t\t\t\t\t\t\t<\/div>\n\t\t<\/section>\n\t\t\t\t\t\t\t<\/div>\n\t\t","protected":false},"excerpt":{"rendered":"<p>00Jours 00Heures 00Minutes 00Secondes 00Jours 00Heures 00Minutes 00Secondes En attendant, suivez Legend\u00ae sur les r\u00e9seaux sociaux pour rester au courant des derni\u00e8res actualit\u00e9s et jeux concours !<\/p>\n","protected":false},"author":1,"featured_media":0,"parent":0,"menu_order":0,"comment_status":"closed","ping_status":"closed","template":"elementor_canvas","meta":{"footnotes":""},"class_list":["post-263","page","type-page","status-publish","hentry"],"_links":{"self":[{"href":"https:\/\/jeu-digital.fr\/cofruidoc\/le-quiz-legend\/wp-json\/wp\/v2\/pages\/263","targetHints":{"allow":["GET"]}}],"collection":[{"href":"https:\/\/jeu-digital.fr\/cofruidoc\/le-quiz-legend\/wp-json\/wp\/v2\/pages"}],"about":[{"href":"https:\/\/jeu-digital.fr\/cofruidoc\/le-quiz-legend\/wp-json\/wp\/v2\/types\/page"}],"author":[{"embeddable":true,"href":"https:\/\/jeu-digital.fr\/cofruidoc\/le-quiz-legend\/wp-json\/wp\/v2\/users\/1"}],"replies":[{"embeddable":true,"href":"https:\/\/jeu-digital.fr\/cofruidoc\/le-quiz-legend\/wp-json\/wp\/v2\/comments?post=263"}],"version-history":[{"count":28,"href":"https:\/\/jeu-digital.fr\/cofruidoc\/le-quiz-legend\/wp-json\/wp\/v2\/pages\/263\/revisions"}],"predecessor-version":[{"id":471,"href":"https:\/\/jeu-digital.fr\/cofruidoc\/le-quiz-legend\/wp-json\/wp\/v2\/pages\/263\/revisions\/471"}],"wp:attachment":[{"href":"https:\/\/jeu-digital.fr\/cofruidoc\/le-quiz-legend\/wp-json\/wp\/v2\/media?parent=263"}],"curies":[{"name":"wp","href":"https:\/\/api.w.org\/{rel}","templated":true}]}}