{"id":7,"date":"2025-03-28T14:46:32","date_gmt":"2025-03-28T13:46:32","guid":{"rendered":"http:\/\/jeu-digital.fr\/sieurdarques\/grand-jeu-concours-toques-et-clochers\/?page_id=7"},"modified":"2026-03-30T12:28:57","modified_gmt":"2026-03-30T10:28:57","slug":"grand-jeu","status":"publish","type":"page","link":"https:\/\/jeu-digital.fr\/sieurdarques\/grand-jeu-concours-toques-et-clochers\/","title":{"rendered":"Grand jeu"},"content":{"rendered":"\t\t<div data-elementor-type=\"wp-post\" data-elementor-id=\"7\" class=\"elementor elementor-7\" data-elementor-post-type=\"page\">\n\t\t\t\t<div class=\"elementor-element elementor-element-3b78493 e-con-full e-flex e-con e-parent\" data-id=\"3b78493\" data-element_type=\"container\" data-e-type=\"container\" data-settings=\"{&quot;background_background&quot;:&quot;classic&quot;}\">\n\t\t<div class=\"elementor-element elementor-element-d743111 e-con-full e-flex e-con e-child\" data-id=\"d743111\" data-element_type=\"container\" data-e-type=\"container\">\n\t\t<div class=\"elementor-element elementor-element-b0df5e7 e-con-full e-flex e-con e-child\" data-id=\"b0df5e7\" data-element_type=\"container\" data-e-type=\"container\">\n\t\t\t\t<div class=\"elementor-element elementor-element-c1ed661 elementor-widget elementor-widget-image\" data-id=\"c1ed661\" data-element_type=\"widget\" data-e-type=\"widget\" data-widget_type=\"image.default\">\n\t\t\t\t<div class=\"elementor-widget-container\">\n\t\t\t\t\t\t\t\t\t\t\t\t\t\t\t<img fetchpriority=\"high\" decoding=\"async\" width=\"485\" height=\"794\" src=\"https:\/\/jeu-digital.fr\/sieurdarques\/grand-jeu-concours-toques-et-clochers\/wp-content\/uploads\/2025\/03\/gauche.png\" class=\"attachment-large size-large wp-image-20\" alt=\"\" srcset=\"https:\/\/jeu-digital.fr\/sieurdarques\/grand-jeu-concours-toques-et-clochers\/wp-content\/uploads\/2025\/03\/gauche.png 485w, https:\/\/jeu-digital.fr\/sieurdarques\/grand-jeu-concours-toques-et-clochers\/wp-content\/uploads\/2025\/03\/gauche-183x300.png 183w\" sizes=\"(max-width: 485px) 100vw, 485px\" \/>\t\t\t\t\t\t\t\t\t\t\t\t\t\t\t<\/div>\n\t\t\t\t<\/div>\n\t\t\t\t<\/div>\n\t\t<div class=\"elementor-element elementor-element-64dcf3e e-con-full e-flex e-con e-child\" data-id=\"64dcf3e\" data-element_type=\"container\" data-e-type=\"container\">\n\t\t\t\t<div class=\"elementor-element elementor-element-e48e20a elementor-absolute elementor-hidden-mobile elementor-widget elementor-widget-image\" data-id=\"e48e20a\" data-element_type=\"widget\" data-e-type=\"widget\" data-settings=\"{&quot;_position&quot;:&quot;absolute&quot;}\" data-widget_type=\"image.default\">\n\t\t\t\t<div class=\"elementor-widget-container\">\n\t\t\t\t\t\t\t\t\t\t\t\t\t\t\t<img decoding=\"async\" width=\"177\" height=\"194\" src=\"https:\/\/jeu-digital.fr\/sieurdarques\/grand-jeu-concours-toques-et-clochers\/wp-content\/uploads\/2026\/03\/logo-tc37.webp\" class=\"attachment-large size-large wp-image-360\" alt=\"\" \/>\t\t\t\t\t\t\t\t\t\t\t\t\t\t\t<\/div>\n\t\t\t\t<\/div>\n\t\t<div class=\"elementor-element elementor-element-74b6c0d e-con-full e-flex e-con e-child\" data-id=\"74b6c0d\" data-element_type=\"container\" data-e-type=\"container\">\n\t\t\t\t<div class=\"elementor-element elementor-element-c628c6e elementor-widget elementor-widget-image\" data-id=\"c628c6e\" data-element_type=\"widget\" data-e-type=\"widget\" data-widget_type=\"image.default\">\n\t\t\t\t<div class=\"elementor-widget-container\">\n\t\t\t\t\t\t\t\t\t\t\t\t\t\t\t<img decoding=\"async\" width=\"550\" height=\"227\" src=\"https:\/\/jeu-digital.fr\/sieurdarques\/grand-jeu-concours-toques-et-clochers\/wp-content\/uploads\/2025\/03\/logo-sa.png\" class=\"attachment-large size-large wp-image-143\" alt=\"\" srcset=\"https:\/\/jeu-digital.fr\/sieurdarques\/grand-jeu-concours-toques-et-clochers\/wp-content\/uploads\/2025\/03\/logo-sa.png 550w, https:\/\/jeu-digital.fr\/sieurdarques\/grand-jeu-concours-toques-et-clochers\/wp-content\/uploads\/2025\/03\/logo-sa-300x124.png 300w\" sizes=\"(max-width: 550px) 100vw, 550px\" \/>\t\t\t\t\t\t\t\t\t\t\t\t\t\t\t<\/div>\n\t\t\t\t<\/div>\n\t\t\t\t<div class=\"elementor-element elementor-element-2436914 elementor-hidden-desktop elementor-hidden-tablet elementor-widget elementor-widget-image\" data-id=\"2436914\" data-element_type=\"widget\" data-e-type=\"widget\" data-widget_type=\"image.default\">\n\t\t\t\t<div class=\"elementor-widget-container\">\n\t\t\t\t\t\t\t\t\t\t\t\t\t\t\t<img decoding=\"async\" width=\"177\" height=\"194\" src=\"https:\/\/jeu-digital.fr\/sieurdarques\/grand-jeu-concours-toques-et-clochers\/wp-content\/uploads\/2026\/03\/logo-tc37.webp\" class=\"attachment-large size-large wp-image-360\" alt=\"\" \/>\t\t\t\t\t\t\t\t\t\t\t\t\t\t\t<\/div>\n\t\t\t\t<\/div>\n\t\t\t\t<\/div>\n\t\t\t\t<div class=\"elementor-element elementor-element-664539b elementor-widget elementor-widget-heading\" data-id=\"664539b\" data-element_type=\"widget\" data-e-type=\"widget\" data-widget_type=\"heading.default\">\n\t\t\t\t<div class=\"elementor-widget-container\">\n\t\t\t\t\t<h1 class=\"elementor-heading-title elementor-size-default\">Grand jeu concours\n<br>Toques &amp; clochers<\/h1>\t\t\t\t<\/div>\n\t\t\t\t<\/div>\n\t\t\t\t<div class=\"elementor-element elementor-element-d8f2fc6 elementor-widget elementor-widget-heading\" data-id=\"d8f2fc6\" data-element_type=\"widget\" data-e-type=\"widget\" data-widget_type=\"heading.default\">\n\t\t\t\t<div class=\"elementor-widget-container\">\n\t\t\t\t\t<span class=\"elementor-heading-title elementor-size-default\">Les 10 et 11 avril 2026<\/span>\t\t\t\t<\/div>\n\t\t\t\t<\/div>\n\t\t\t\t<div class=\"elementor-element elementor-element-e9908f1 elementor-widget elementor-widget-text-editor\" data-id=\"e9908f1\" data-element_type=\"widget\" data-e-type=\"widget\" data-widget_type=\"text-editor.default\">\n\t\t\t\t<div class=\"elementor-widget-container\">\n\t\t\t\t\t\t\t\t\tTentez de remporter<br>\n<span class=\"taille-1\">un S\u00e9jour Gourmand<\/span>\n<br><span class=\"taille-2\">chez Gilles Goujon,<\/span>\n<br>Meilleur Ouvrier de France,\n<br><span class=\"taille-1\">\u00e0 L\u2019auberge du Vieux Puits***<\/span>\n<br>\u00e0 Fontjoncouse, pour 2 personnes\t\t\t\t\t\t\t\t<\/div>\n\t\t\t\t<\/div>\n\t\t\t\t<div class=\"elementor-element elementor-element-27a0615 elementor-align-center elementor-widget elementor-widget-button\" data-id=\"27a0615\" data-element_type=\"widget\" data-e-type=\"widget\" data-widget_type=\"button.default\">\n\t\t\t\t<div class=\"elementor-widget-container\">\n\t\t\t\t\t\t\t\t\t<div class=\"elementor-button-wrapper\">\n\t\t\t\t\t<a class=\"elementor-button elementor-button-link elementor-size-sm\" href=\"https:\/\/jeu-digital.fr\/sieurdarques\/grand-jeu-concours-toques-et-clochers\/quiz\/\">\n\t\t\t\t\t\t<span class=\"elementor-button-content-wrapper\">\n\t\t\t\t\t\t\t\t\t<span class=\"elementor-button-text\">Participer au jeu<\/span>\n\t\t\t\t\t<\/span>\n\t\t\t\t\t<\/a>\n\t\t\t\t<\/div>\n\t\t\t\t\t\t\t\t<\/div>\n\t\t\t\t<\/div>\n\t\t\t\t<\/div>\n\t\t<div class=\"elementor-element elementor-element-101cb9a e-con-full e-flex e-con e-child\" data-id=\"101cb9a\" data-element_type=\"container\" data-e-type=\"container\">\n\t\t\t\t<div class=\"elementor-element elementor-element-7c21e3a elementor-widget elementor-widget-image\" data-id=\"7c21e3a\" data-element_type=\"widget\" data-e-type=\"widget\" data-widget_type=\"image.default\">\n\t\t\t\t<div class=\"elementor-widget-container\">\n\t\t\t\t\t\t\t\t\t\t\t\t\t\t\t<img loading=\"lazy\" decoding=\"async\" width=\"450\" height=\"794\" src=\"https:\/\/jeu-digital.fr\/sieurdarques\/grand-jeu-concours-toques-et-clochers\/wp-content\/uploads\/2025\/03\/droite.png\" class=\"attachment-large size-large wp-image-21\" alt=\"\" srcset=\"https:\/\/jeu-digital.fr\/sieurdarques\/grand-jeu-concours-toques-et-clochers\/wp-content\/uploads\/2025\/03\/droite.png 450w, https:\/\/jeu-digital.fr\/sieurdarques\/grand-jeu-concours-toques-et-clochers\/wp-content\/uploads\/2025\/03\/droite-170x300.png 170w\" sizes=\"(max-width: 450px) 100vw, 450px\" \/>\t\t\t\t\t\t\t\t\t\t\t\t\t\t\t<\/div>\n\t\t\t\t<\/div>\n\t\t\t\t<\/div>\n\t\t\t\t<\/div>\n\t\t<div class=\"elementor-element elementor-element-d8bde84 e-con-full e-flex e-con e-child\" data-id=\"d8bde84\" data-element_type=\"container\" data-e-type=\"container\">\n\t\t<div class=\"elementor-element elementor-element-d5d762f e-con-full elementor-hidden-mobile e-flex e-con e-child\" data-id=\"d5d762f\" data-element_type=\"container\" data-e-type=\"container\">\n\t\t\t\t<div class=\"elementor-element elementor-element-2155cc2 elementor-widget elementor-widget-image\" data-id=\"2155cc2\" data-element_type=\"widget\" data-e-type=\"widget\" data-widget_type=\"image.default\">\n\t\t\t\t<div class=\"elementor-widget-container\">\n\t\t\t\t\t\t\t\t\t\t\t\t\t\t\t<img loading=\"lazy\" decoding=\"async\" width=\"26\" height=\"104\" src=\"https:\/\/jeu-digital.fr\/sieurdarques\/grand-jeu-concours-toques-et-clochers\/wp-content\/uploads\/2025\/03\/design-by-k.png\" class=\"attachment-large size-large wp-image-10\" alt=\"\" \/>\t\t\t\t\t\t\t\t\t\t\t\t\t\t\t<\/div>\n\t\t\t\t<\/div>\n\t\t\t\t<\/div>\n\t\t<div class=\"elementor-element elementor-element-845ccf0 e-con-full e-flex e-con e-child\" data-id=\"845ccf0\" data-element_type=\"container\" data-e-type=\"container\">\n\t\t\t\t<div class=\"elementor-element elementor-element-05b8e9e elementor-hidden-desktop elementor-hidden-tablet elementor-widget elementor-widget-image\" data-id=\"05b8e9e\" data-element_type=\"widget\" data-e-type=\"widget\" data-widget_type=\"image.default\">\n\t\t\t\t<div class=\"elementor-widget-container\">\n\t\t\t\t\t\t\t\t\t\t\t\t\t\t\t<img loading=\"lazy\" decoding=\"async\" width=\"307\" height=\"74\" src=\"https:\/\/jeu-digital.fr\/sieurdarques\/grand-jeu-concours-toques-et-clochers\/wp-content\/uploads\/2025\/03\/designbyk-droit.png\" class=\"attachment-large size-large wp-image-116\" alt=\"\" srcset=\"https:\/\/jeu-digital.fr\/sieurdarques\/grand-jeu-concours-toques-et-clochers\/wp-content\/uploads\/2025\/03\/designbyk-droit.png 307w, https:\/\/jeu-digital.fr\/sieurdarques\/grand-jeu-concours-toques-et-clochers\/wp-content\/uploads\/2025\/03\/designbyk-droit-300x72.png 300w\" sizes=\"(max-width: 307px) 100vw, 307px\" \/>\t\t\t\t\t\t\t\t\t\t\t\t\t\t\t<\/div>\n\t\t\t\t<\/div>\n\t\t\t\t<div class=\"elementor-element elementor-element-7e2934b elementor-widget elementor-widget-image\" data-id=\"7e2934b\" data-element_type=\"widget\" data-e-type=\"widget\" data-widget_type=\"image.default\">\n\t\t\t\t<div class=\"elementor-widget-container\">\n\t\t\t\t\t\t\t\t\t\t\t\t\t\t\t<img loading=\"lazy\" decoding=\"async\" width=\"678\" height=\"44\" src=\"https:\/\/jeu-digital.fr\/sieurdarques\/grand-jeu-concours-toques-et-clochers\/wp-content\/uploads\/2025\/03\/mentions.png\" class=\"attachment-large size-large wp-image-41\" alt=\"\" srcset=\"https:\/\/jeu-digital.fr\/sieurdarques\/grand-jeu-concours-toques-et-clochers\/wp-content\/uploads\/2025\/03\/mentions.png 678w, https:\/\/jeu-digital.fr\/sieurdarques\/grand-jeu-concours-toques-et-clochers\/wp-content\/uploads\/2025\/03\/mentions-300x19.png 300w\" sizes=\"(max-width: 678px) 100vw, 678px\" \/>\t\t\t\t\t\t\t\t\t\t\t\t\t\t\t<\/div>\n\t\t\t\t<\/div>\n\t\t\t\t<div class=\"elementor-element elementor-element-3c2d538 elementor-widget elementor-widget-image\" data-id=\"3c2d538\" data-element_type=\"widget\" data-e-type=\"widget\" data-widget_type=\"image.default\">\n\t\t\t\t<div class=\"elementor-widget-container\">\n\t\t\t\t\t\t\t\t\t\t\t\t\t\t\t\t<a href=\"http:\/\/www.sieurdarques.com\">\n\t\t\t\t\t\t\t<img loading=\"lazy\" decoding=\"async\" width=\"525\" height=\"49\" src=\"https:\/\/jeu-digital.fr\/sieurdarques\/grand-jeu-concours-toques-et-clochers\/wp-content\/uploads\/2025\/03\/site-sa.png\" class=\"attachment-large size-large wp-image-123\" alt=\"\" srcset=\"https:\/\/jeu-digital.fr\/sieurdarques\/grand-jeu-concours-toques-et-clochers\/wp-content\/uploads\/2025\/03\/site-sa.png 525w, https:\/\/jeu-digital.fr\/sieurdarques\/grand-jeu-concours-toques-et-clochers\/wp-content\/uploads\/2025\/03\/site-sa-300x28.png 300w\" sizes=\"(max-width: 525px) 100vw, 525px\" \/>\t\t\t\t\t\t\t\t<\/a>\n\t\t\t\t\t\t\t\t\t\t\t\t\t\t\t<\/div>\n\t\t\t\t<\/div>\n\t\t\t\t<\/div>\n\t\t<div class=\"elementor-element elementor-element-0564777 e-con-full elementor-hidden-mobile e-flex e-con e-child\" data-id=\"0564777\" data-element_type=\"container\" data-e-type=\"container\">\n\t\t\t\t<div class=\"elementor-element elementor-element-0c01936 elementor-absolute elementor-widget elementor-widget-image\" data-id=\"0c01936\" data-element_type=\"widget\" data-e-type=\"widget\" data-settings=\"{&quot;_position&quot;:&quot;absolute&quot;}\" data-widget_type=\"image.default\">\n\t\t\t\t<div class=\"elementor-widget-container\">\n\t\t\t\t\t\t\t\t\t\t\t\t\t\t\t<img loading=\"lazy\" decoding=\"async\" width=\"20\" height=\"663\" src=\"https:\/\/jeu-digital.fr\/sieurdarques\/grand-jeu-concours-toques-et-clochers\/wp-content\/uploads\/2025\/03\/abus-alcool.webp\" class=\"attachment-large size-large wp-image-15\" alt=\"\" \/>\t\t\t\t\t\t\t\t\t\t\t\t\t\t\t<\/div>\n\t\t\t\t<\/div>\n\t\t\t\t<\/div>\n\t\t\t\t<\/div>\n\t\t<div class=\"elementor-element elementor-element-06dd159 e-con-full e-transform elementor-hidden-desktop elementor-hidden-tablet e-flex e-con e-child\" data-id=\"06dd159\" data-element_type=\"container\" data-e-type=\"container\" data-settings=\"{&quot;_transform_rotateZ_effect&quot;:{&quot;unit&quot;:&quot;px&quot;,&quot;size&quot;:0,&quot;sizes&quot;:[]},&quot;_transform_rotateZ_effect_tablet&quot;:{&quot;unit&quot;:&quot;deg&quot;,&quot;size&quot;:&quot;&quot;,&quot;sizes&quot;:[]},&quot;_transform_rotateZ_effect_mobile&quot;:{&quot;unit&quot;:&quot;deg&quot;,&quot;size&quot;:&quot;&quot;,&quot;sizes&quot;:[]}}\">\n\t\t\t\t<div class=\"elementor-element elementor-element-f4e5739 elementor-widget elementor-widget-text-editor\" data-id=\"f4e5739\" data-element_type=\"widget\" data-e-type=\"widget\" data-widget_type=\"text-editor.default\">\n\t\t\t\t<div class=\"elementor-widget-container\">\n\t\t\t\t\t\t\t\t\t<p>L&rsquo;abus d&rsquo;alcool est dangereux pour la sant\u00e9. A consommer avec mod\u00e9ration.<\/p>\t\t\t\t\t\t\t\t<\/div>\n\t\t\t\t<\/div>\n\t\t\t\t<\/div>\n\t\t\t\t<\/div>\n\t\t\t\t<\/div>\n\t\t","protected":false},"excerpt":{"rendered":"<p>Grand jeu concours Toques &amp; clochers Les 10 et 11 avril 2026 Tentez de remporter un S\u00e9jour Gourmand chez Gilles Goujon, Meilleur Ouvrier de France, \u00e0 L\u2019auberge du Vieux Puits*** \u00e0 Fontjoncouse, pour 2 personnes Participer au jeu L&rsquo;abus d&rsquo;alcool est dangereux pour la sant\u00e9. A consommer avec mod\u00e9ration.<\/p>\n","protected":false},"author":1,"featured_media":0,"parent":0,"menu_order":0,"comment_status":"closed","ping_status":"closed","template":"elementor_canvas","meta":{"footnotes":""},"class_list":["post-7","page","type-page","status-publish","hentry"],"_links":{"self":[{"href":"https:\/\/jeu-digital.fr\/sieurdarques\/grand-jeu-concours-toques-et-clochers\/wp-json\/wp\/v2\/pages\/7","targetHints":{"allow":["GET"]}}],"collection":[{"href":"https:\/\/jeu-digital.fr\/sieurdarques\/grand-jeu-concours-toques-et-clochers\/wp-json\/wp\/v2\/pages"}],"about":[{"href":"https:\/\/jeu-digital.fr\/sieurdarques\/grand-jeu-concours-toques-et-clochers\/wp-json\/wp\/v2\/types\/page"}],"author":[{"embeddable":true,"href":"https:\/\/jeu-digital.fr\/sieurdarques\/grand-jeu-concours-toques-et-clochers\/wp-json\/wp\/v2\/users\/1"}],"replies":[{"embeddable":true,"href":"https:\/\/jeu-digital.fr\/sieurdarques\/grand-jeu-concours-toques-et-clochers\/wp-json\/wp\/v2\/comments?post=7"}],"version-history":[{"count":122,"href":"https:\/\/jeu-digital.fr\/sieurdarques\/grand-jeu-concours-toques-et-clochers\/wp-json\/wp\/v2\/pages\/7\/revisions"}],"predecessor-version":[{"id":363,"href":"https:\/\/jeu-digital.fr\/sieurdarques\/grand-jeu-concours-toques-et-clochers\/wp-json\/wp\/v2\/pages\/7\/revisions\/363"}],"wp:attachment":[{"href":"https:\/\/jeu-digital.fr\/sieurdarques\/grand-jeu-concours-toques-et-clochers\/wp-json\/wp\/v2\/media?parent=7"}],"curies":[{"name":"wp","href":"https:\/\/api.w.org\/{rel}","templated":true}]}}