{"id":22,"date":"2023-05-15T14:57:43","date_gmt":"2023-05-15T12:57:43","guid":{"rendered":"https:\/\/jeu-digital.fr\/suddefranceflq\/instantsgagnants\/?page_id=22"},"modified":"2023-05-17T11:36:56","modified_gmt":"2023-05-17T09:36:56","slug":"accueil","status":"publish","type":"page","link":"https:\/\/jeu-digital.fr\/suddefranceflq\/instantsgagnants\/","title":{"rendered":"Accueil"},"content":{"rendered":"\t\t<div data-elementor-type=\"wp-page\" data-elementor-id=\"22\" class=\"elementor elementor-22\">\n\t\t\t\t\t\t\t\t\t<section class=\"elementor-section elementor-top-section elementor-element elementor-element-c48d8df elementor-section-boxed elementor-section-height-default elementor-section-height-default\" data-id=\"c48d8df\" data-element_type=\"section\">\n\t\t\t\t\t\t<div class=\"elementor-container elementor-column-gap-default\">\n\t\t\t\t\t<div class=\"elementor-column elementor-col-100 elementor-top-column elementor-element elementor-element-5b06a9b\" data-id=\"5b06a9b\" data-element_type=\"column\">\n\t\t\t<div class=\"elementor-widget-wrap elementor-element-populated\">\n\t\t\t\t\t\t\t\t<div class=\"elementor-element elementor-element-912daee elementor-widget elementor-widget-image\" data-id=\"912daee\" data-element_type=\"widget\" data-widget_type=\"image.default\">\n\t\t\t\t<div class=\"elementor-widget-container\">\n\t\t\t<style>\/*! elementor - v3.13.1 - 09-05-2023 *\/\n.elementor-widget-image{text-align:center}.elementor-widget-image a{display:inline-block}.elementor-widget-image a img[src$=\".svg\"]{width:48px}.elementor-widget-image img{vertical-align:middle;display:inline-block}<\/style>\t\t\t\t\t\t\t\t\t\t\t\t<img loading=\"lazy\" decoding=\"async\" width=\"800\" height=\"503\" src=\"https:\/\/jeu-digital.fr\/suddefranceflq\/instantsgagnants\/wp-content\/uploads\/2023\/05\/logo_SDF_FLQ.png\" class=\"attachment-large size-large wp-image-12\" alt=\"\" srcset=\"https:\/\/jeu-digital.fr\/suddefranceflq\/instantsgagnants\/wp-content\/uploads\/2023\/05\/logo_SDF_FLQ.png 979w, https:\/\/jeu-digital.fr\/suddefranceflq\/instantsgagnants\/wp-content\/uploads\/2023\/05\/logo_SDF_FLQ-300x189.png 300w, https:\/\/jeu-digital.fr\/suddefranceflq\/instantsgagnants\/wp-content\/uploads\/2023\/05\/logo_SDF_FLQ-768x483.png 768w\" sizes=\"auto, (max-width: 800px) 100vw, 800px\" \/>\t\t\t\t\t\t\t\t\t\t\t\t\t\t\t<\/div>\n\t\t\t\t<\/div>\n\t\t\t\t\t<\/div>\n\t\t<\/div>\n\t\t\t\t\t\t\t<\/div>\n\t\t<\/section>\n\t\t\t\t<section class=\"elementor-section elementor-top-section elementor-element elementor-element-fd6009f elementor-section-boxed elementor-section-height-default elementor-section-height-default\" data-id=\"fd6009f\" data-element_type=\"section\">\n\t\t\t\t\t\t<div class=\"elementor-container elementor-column-gap-default\">\n\t\t\t\t\t<div class=\"elementor-column elementor-col-100 elementor-top-column elementor-element elementor-element-4533667\" data-id=\"4533667\" data-element_type=\"column\">\n\t\t\t<div class=\"elementor-widget-wrap elementor-element-populated\">\n\t\t\t\t\t\t\t\t<div class=\"elementor-element elementor-element-da7c10b elementor-widget elementor-widget-image\" data-id=\"da7c10b\" data-element_type=\"widget\" data-widget_type=\"image.default\">\n\t\t\t\t<div class=\"elementor-widget-container\">\n\t\t\t\t\t\t\t\t\t\t\t\t\t\t\t\t<a href=\"https:\/\/jeu-digital.fr\/suddefranceflq\/instantsgagnants\/jeu\">\n\t\t\t\t\t\t\t<img loading=\"lazy\" decoding=\"async\" width=\"438\" height=\"143\" src=\"https:\/\/jeu-digital.fr\/suddefranceflq\/instantsgagnants\/wp-content\/uploads\/2023\/05\/titre_jeu.png\" class=\"attachment-large size-large wp-image-26\" alt=\"\" srcset=\"https:\/\/jeu-digital.fr\/suddefranceflq\/instantsgagnants\/wp-content\/uploads\/2023\/05\/titre_jeu.png 438w, https:\/\/jeu-digital.fr\/suddefranceflq\/instantsgagnants\/wp-content\/uploads\/2023\/05\/titre_jeu-300x98.png 300w\" sizes=\"auto, (max-width: 438px) 100vw, 438px\" \/>\t\t\t\t\t\t\t\t<\/a>\n\t\t\t\t\t\t\t\t\t\t\t\t\t\t\t<\/div>\n\t\t\t\t<\/div>\n\t\t\t\t<div class=\"elementor-element elementor-element-8767d9d elementor-widget elementor-widget-image\" data-id=\"8767d9d\" data-element_type=\"widget\" data-widget_type=\"image.default\">\n\t\t\t\t<div class=\"elementor-widget-container\">\n\t\t\t\t\t\t\t\t\t\t\t\t\t\t\t\t<a href=\"https:\/\/jeu-digital.fr\/suddefranceflq\/instantsgagnants\/jeu\">\n\t\t\t\t\t\t\t<img loading=\"lazy\" decoding=\"async\" width=\"742\" height=\"114\" src=\"https:\/\/jeu-digital.fr\/suddefranceflq\/instantsgagnants\/wp-content\/uploads\/2023\/05\/titre_instants_gagnants.png\" class=\"attachment-large size-large wp-image-24\" alt=\"\" srcset=\"https:\/\/jeu-digital.fr\/suddefranceflq\/instantsgagnants\/wp-content\/uploads\/2023\/05\/titre_instants_gagnants.png 742w, https:\/\/jeu-digital.fr\/suddefranceflq\/instantsgagnants\/wp-content\/uploads\/2023\/05\/titre_instants_gagnants-300x46.png 300w\" sizes=\"auto, (max-width: 742px) 100vw, 742px\" \/>\t\t\t\t\t\t\t\t<\/a>\n\t\t\t\t\t\t\t\t\t\t\t\t\t\t\t<\/div>\n\t\t\t\t<\/div>\n\t\t\t\t<div class=\"elementor-element elementor-element-e87d302 elementor-widget elementor-widget-image\" data-id=\"e87d302\" data-element_type=\"widget\" data-widget_type=\"image.default\">\n\t\t\t\t<div class=\"elementor-widget-container\">\n\t\t\t\t\t\t\t\t\t\t\t\t\t\t\t<img loading=\"lazy\" decoding=\"async\" width=\"570\" height=\"82\" src=\"https:\/\/jeu-digital.fr\/suddefranceflq\/instantsgagnants\/wp-content\/uploads\/2023\/05\/date_jeu.png\" class=\"attachment-large size-large wp-image-87\" alt=\"\" srcset=\"https:\/\/jeu-digital.fr\/suddefranceflq\/instantsgagnants\/wp-content\/uploads\/2023\/05\/date_jeu.png 570w, https:\/\/jeu-digital.fr\/suddefranceflq\/instantsgagnants\/wp-content\/uploads\/2023\/05\/date_jeu-300x43.png 300w\" sizes=\"auto, (max-width: 570px) 100vw, 570px\" \/>\t\t\t\t\t\t\t\t\t\t\t\t\t\t\t<\/div>\n\t\t\t\t<\/div>\n\t\t\t\t<div class=\"elementor-element elementor-element-961484f elementor-widget elementor-widget-image\" data-id=\"961484f\" data-element_type=\"widget\" data-widget_type=\"image.default\">\n\t\t\t\t<div class=\"elementor-widget-container\">\n\t\t\t\t\t\t\t\t\t\t\t\t\t\t\t\t<a href=\"https:\/\/jeu-digital.fr\/suddefranceflq\/instantsgagnants\/jeu\">\n\t\t\t\t\t\t\t<img loading=\"lazy\" decoding=\"async\" width=\"800\" height=\"436\" src=\"https:\/\/jeu-digital.fr\/suddefranceflq\/instantsgagnants\/wp-content\/uploads\/2023\/05\/descriptions_lots.png\" class=\"attachment-large size-large wp-image-86\" alt=\"\" srcset=\"https:\/\/jeu-digital.fr\/suddefranceflq\/instantsgagnants\/wp-content\/uploads\/2023\/05\/descriptions_lots.png 1010w, https:\/\/jeu-digital.fr\/suddefranceflq\/instantsgagnants\/wp-content\/uploads\/2023\/05\/descriptions_lots-300x163.png 300w, https:\/\/jeu-digital.fr\/suddefranceflq\/instantsgagnants\/wp-content\/uploads\/2023\/05\/descriptions_lots-768x418.png 768w\" sizes=\"auto, (max-width: 800px) 100vw, 800px\" \/>\t\t\t\t\t\t\t\t<\/a>\n\t\t\t\t\t\t\t\t\t\t\t\t\t\t\t<\/div>\n\t\t\t\t<\/div>\n\t\t\t\t<div class=\"elementor-element elementor-element-a506d1b e-transform elementor-widget elementor-widget-image\" data-id=\"a506d1b\" data-element_type=\"widget\" data-settings=\"{&quot;_transform_scale_effect_hover&quot;:{&quot;unit&quot;:&quot;px&quot;,&quot;size&quot;:1.1,&quot;sizes&quot;:[]},&quot;_transform_scale_effect_hover_tablet&quot;:{&quot;unit&quot;:&quot;px&quot;,&quot;size&quot;:&quot;&quot;,&quot;sizes&quot;:[]},&quot;_transform_scale_effect_hover_mobile&quot;:{&quot;unit&quot;:&quot;px&quot;,&quot;size&quot;:&quot;&quot;,&quot;sizes&quot;:[]}}\" data-widget_type=\"image.default\">\n\t\t\t\t<div class=\"elementor-widget-container\">\n\t\t\t\t\t\t\t\t\t\t\t\t\t\t\t\t<a href=\"https:\/\/jeu-digital.fr\/suddefranceflq\/instantsgagnants\/jeu\">\n\t\t\t\t\t\t\t<img loading=\"lazy\" decoding=\"async\" width=\"461\" height=\"106\" src=\"https:\/\/jeu-digital.fr\/suddefranceflq\/instantsgagnants\/wp-content\/uploads\/2023\/05\/bouton_jouer.png\" class=\"attachment-large size-large wp-image-31\" alt=\"\" srcset=\"https:\/\/jeu-digital.fr\/suddefranceflq\/instantsgagnants\/wp-content\/uploads\/2023\/05\/bouton_jouer.png 461w, https:\/\/jeu-digital.fr\/suddefranceflq\/instantsgagnants\/wp-content\/uploads\/2023\/05\/bouton_jouer-300x69.png 300w\" sizes=\"auto, (max-width: 461px) 100vw, 461px\" \/>\t\t\t\t\t\t\t\t<\/a>\n\t\t\t\t\t\t\t\t\t\t\t\t\t\t\t<\/div>\n\t\t\t\t<\/div>\n\t\t\t\t\t<\/div>\n\t\t<\/div>\n\t\t\t\t\t\t\t<\/div>\n\t\t<\/section>\n\t\t\t\t<section class=\"elementor-section elementor-top-section elementor-element elementor-element-fd8d5b8 elementor-section-boxed elementor-section-height-default elementor-section-height-default\" data-id=\"fd8d5b8\" data-element_type=\"section\">\n\t\t\t\t\t\t<div class=\"elementor-container elementor-column-gap-default\">\n\t\t\t\t\t<div class=\"elementor-column elementor-col-50 elementor-top-column elementor-element elementor-element-d590de8\" data-id=\"d590de8\" data-element_type=\"column\">\n\t\t\t<div class=\"elementor-widget-wrap elementor-element-populated\">\n\t\t\t\t\t\t\t\t<div class=\"elementor-element elementor-element-34792da elementor-widget elementor-widget-image\" data-id=\"34792da\" data-element_type=\"widget\" data-widget_type=\"image.default\">\n\t\t\t\t<div class=\"elementor-widget-container\">\n\t\t\t\t\t\t\t\t\t\t\t\t\t\t\t<img loading=\"lazy\" decoding=\"async\" width=\"684\" height=\"67\" src=\"https:\/\/jeu-digital.fr\/suddefranceflq\/instantsgagnants\/wp-content\/uploads\/2023\/05\/logos_gauche.png\" class=\"attachment-large size-large wp-image-11\" alt=\"\" srcset=\"https:\/\/jeu-digital.fr\/suddefranceflq\/instantsgagnants\/wp-content\/uploads\/2023\/05\/logos_gauche.png 684w, https:\/\/jeu-digital.fr\/suddefranceflq\/instantsgagnants\/wp-content\/uploads\/2023\/05\/logos_gauche-300x29.png 300w\" sizes=\"auto, (max-width: 684px) 100vw, 684px\" \/>\t\t\t\t\t\t\t\t\t\t\t\t\t\t\t<\/div>\n\t\t\t\t<\/div>\n\t\t\t\t\t<\/div>\n\t\t<\/div>\n\t\t\t\t<div class=\"elementor-column elementor-col-50 elementor-top-column elementor-element elementor-element-bca86eb\" data-id=\"bca86eb\" data-element_type=\"column\">\n\t\t\t<div class=\"elementor-widget-wrap elementor-element-populated\">\n\t\t\t\t\t\t\t\t<div class=\"elementor-element elementor-element-5af775a elementor-widget elementor-widget-image\" data-id=\"5af775a\" data-element_type=\"widget\" data-widget_type=\"image.default\">\n\t\t\t\t<div class=\"elementor-widget-container\">\n\t\t\t\t\t\t\t\t\t\t\t\t\t\t\t<img loading=\"lazy\" decoding=\"async\" width=\"608\" height=\"92\" src=\"https:\/\/jeu-digital.fr\/suddefranceflq\/instantsgagnants\/wp-content\/uploads\/2023\/05\/logos_droite.png\" class=\"attachment-large size-large wp-image-10\" alt=\"\" srcset=\"https:\/\/jeu-digital.fr\/suddefranceflq\/instantsgagnants\/wp-content\/uploads\/2023\/05\/logos_droite.png 608w, https:\/\/jeu-digital.fr\/suddefranceflq\/instantsgagnants\/wp-content\/uploads\/2023\/05\/logos_droite-300x45.png 300w\" sizes=\"auto, (max-width: 608px) 100vw, 608px\" \/>\t\t\t\t\t\t\t\t\t\t\t\t\t\t\t<\/div>\n\t\t\t\t<\/div>\n\t\t\t\t\t<\/div>\n\t\t<\/div>\n\t\t\t\t\t\t\t<\/div>\n\t\t<\/section>\n\t\t\t\t\t\t\t<\/div>\n\t\t","protected":false},"excerpt":{"rendered":"","protected":false},"author":1,"featured_media":0,"parent":0,"menu_order":0,"comment_status":"closed","ping_status":"closed","template":"elementor_canvas","meta":{"footnotes":""},"class_list":["post-22","page","type-page","status-publish","hentry"],"yoast_head":"<!-- This site is optimized with the Yoast SEO plugin v20.7 - https:\/\/yoast.com\/wordpress\/plugins\/seo\/ -->\n<title>Instants Gagnants - Sud de France<\/title>\n<meta name=\"description\" content=\"Jouez et tentez de remporter un bon d&#039;achat de 10 \u20ac \u00e0 utiliser sur place lors de l&#039;\u00e9v\u00e8nement Sud de France-l&#039;Occitanie F\u00eate la Qualit\u00e9 le 16.17.18 Juin 2023\" \/>\n<meta name=\"robots\" content=\"index, follow, max-snippet:-1, max-image-preview:large, max-video-preview:-1\" \/>\n<link rel=\"canonical\" href=\"https:\/\/jeu-digital.fr\/suddefranceflq\/instantsgagnants\/\" \/>\n<meta property=\"og:locale\" content=\"fr_FR\" \/>\n<meta property=\"og:type\" content=\"article\" \/>\n<meta property=\"og:title\" content=\"Instants Gagnants - Sud de France\" \/>\n<meta property=\"og:description\" content=\"Jouez et tentez de remporter un bon d&#039;achat de 10 \u20ac \u00e0 utiliser sur place lors de l&#039;\u00e9v\u00e8nement Sud de France-l&#039;Occitanie F\u00eate la Qualit\u00e9 le 16.17.18 Juin 2023\" \/>\n<meta property=\"og:url\" content=\"https:\/\/jeu-digital.fr\/suddefranceflq\/instantsgagnants\/\" \/>\n<meta property=\"og:site_name\" content=\"Instants Gagnants - Sud de France\" \/>\n<meta property=\"article:publisher\" content=\"https:\/\/www.facebook.com\/suddefrancefetelaqualite\" \/>\n<meta property=\"article:modified_time\" content=\"2023-05-17T09:36:56+00:00\" \/>\n<meta property=\"og:image\" content=\"https:\/\/jeu-digital.fr\/suddefranceflq\/instantsgagnants\/wp-content\/uploads\/2023\/05\/logo_SDF_FLQ.png\" \/>\n<meta name=\"twitter:card\" content=\"summary_large_image\" \/>\n<meta name=\"twitter:label1\" content=\"Dur\u00e9e de lecture estim\u00e9e\" \/>\n\t<meta name=\"twitter:data1\" content=\"2 minutes\" \/>\n<script type=\"application\/ld+json\" class=\"yoast-schema-graph\">{\"@context\":\"https:\/\/schema.org\",\"@graph\":[{\"@type\":\"WebPage\",\"@id\":\"https:\/\/jeu-digital.fr\/suddefranceflq\/instantsgagnants\/\",\"url\":\"https:\/\/jeu-digital.fr\/suddefranceflq\/instantsgagnants\/\",\"name\":\"Instants Gagnants - Sud de France\",\"isPartOf\":{\"@id\":\"https:\/\/jeu-digital.fr\/suddefranceflq\/instantsgagnants\/#website\"},\"datePublished\":\"2023-05-15T12:57:43+00:00\",\"dateModified\":\"2023-05-17T09:36:56+00:00\",\"description\":\"Jouez et tentez de remporter un bon d'achat de 10 \u20ac \u00e0 utiliser sur place lors de l'\u00e9v\u00e8nement Sud de France-l'Occitanie F\u00eate la Qualit\u00e9 le 16.17.18 Juin 2023\",\"breadcrumb\":{\"@id\":\"https:\/\/jeu-digital.fr\/suddefranceflq\/instantsgagnants\/#breadcrumb\"},\"inLanguage\":\"fr-FR\",\"potentialAction\":[{\"@type\":\"ReadAction\",\"target\":[\"https:\/\/jeu-digital.fr\/suddefranceflq\/instantsgagnants\/\"]}]},{\"@type\":\"BreadcrumbList\",\"@id\":\"https:\/\/jeu-digital.fr\/suddefranceflq\/instantsgagnants\/#breadcrumb\",\"itemListElement\":[{\"@type\":\"ListItem\",\"position\":1,\"name\":\"Accueil\",\"item\":\"https:\/\/jeu-digital.fr\/suddefranceflq\/instantsgagnants\/\"},{\"@type\":\"ListItem\",\"position\":2,\"name\":\"Accueil\"}]},{\"@type\":\"WebSite\",\"@id\":\"https:\/\/jeu-digital.fr\/suddefranceflq\/instantsgagnants\/#website\",\"url\":\"https:\/\/jeu-digital.fr\/suddefranceflq\/instantsgagnants\/\",\"name\":\"Instants Gagnants - Sud de France\",\"description\":\"Jouez et tentez de remporter un bon d&#039;achat de 10 \u20ac \u00e0 utiliser sur place lors de l&#039;\u00e9v\u00e8nement Sud de France-l&#039;Occitanie F\u00eate la Qualit\u00e9 le 16.17.18 Juin 2023\",\"publisher\":{\"@id\":\"https:\/\/jeu-digital.fr\/suddefranceflq\/instantsgagnants\/#organization\"},\"potentialAction\":[{\"@type\":\"SearchAction\",\"target\":{\"@type\":\"EntryPoint\",\"urlTemplate\":\"https:\/\/jeu-digital.fr\/suddefranceflq\/instantsgagnants\/?s={search_term_string}\"},\"query-input\":\"required name=search_term_string\"}],\"inLanguage\":\"fr-FR\"},{\"@type\":\"Organization\",\"@id\":\"https:\/\/jeu-digital.fr\/suddefranceflq\/instantsgagnants\/#organization\",\"name\":\"Instants Gagnants - Sud de France\",\"url\":\"https:\/\/jeu-digital.fr\/suddefranceflq\/instantsgagnants\/\",\"logo\":{\"@type\":\"ImageObject\",\"inLanguage\":\"fr-FR\",\"@id\":\"https:\/\/jeu-digital.fr\/suddefranceflq\/instantsgagnants\/#\/schema\/logo\/image\/\",\"url\":\"https:\/\/jeu-digital.fr\/suddefranceflq\/instantsgagnants\/wp-content\/uploads\/2023\/05\/logo_SDF_FLQ.png\",\"contentUrl\":\"https:\/\/jeu-digital.fr\/suddefranceflq\/instantsgagnants\/wp-content\/uploads\/2023\/05\/logo_SDF_FLQ.png\",\"width\":979,\"height\":616,\"caption\":\"Instants Gagnants - Sud de France\"},\"image\":{\"@id\":\"https:\/\/jeu-digital.fr\/suddefranceflq\/instantsgagnants\/#\/schema\/logo\/image\/\"},\"sameAs\":[\"https:\/\/www.facebook.com\/suddefrancefetelaqualite\",\"https:\/\/www.instagram.com\/suddefrancefetelaqualite\/?hl=fr\"]}]}<\/script>\n<!-- \/ Yoast SEO plugin. -->","yoast_head_json":{"title":"Instants Gagnants - Sud de France","description":"Jouez et tentez de remporter un bon d'achat de 10 \u20ac \u00e0 utiliser sur place lors de l'\u00e9v\u00e8nement Sud de France-l'Occitanie F\u00eate la Qualit\u00e9 le 16.17.18 Juin 2023","robots":{"index":"index","follow":"follow","max-snippet":"max-snippet:-1","max-image-preview":"max-image-preview:large","max-video-preview":"max-video-preview:-1"},"canonical":"https:\/\/jeu-digital.fr\/suddefranceflq\/instantsgagnants\/","og_locale":"fr_FR","og_type":"article","og_title":"Instants Gagnants - Sud de France","og_description":"Jouez et tentez de remporter un bon d'achat de 10 \u20ac \u00e0 utiliser sur place lors de l'\u00e9v\u00e8nement Sud de France-l'Occitanie F\u00eate la Qualit\u00e9 le 16.17.18 Juin 2023","og_url":"https:\/\/jeu-digital.fr\/suddefranceflq\/instantsgagnants\/","og_site_name":"Instants Gagnants - Sud de France","article_publisher":"https:\/\/www.facebook.com\/suddefrancefetelaqualite","article_modified_time":"2023-05-17T09:36:56+00:00","og_image":[{"url":"https:\/\/jeu-digital.fr\/suddefranceflq\/instantsgagnants\/wp-content\/uploads\/2023\/05\/logo_SDF_FLQ.png"}],"twitter_card":"summary_large_image","twitter_misc":{"Dur\u00e9e de lecture estim\u00e9e":"2 minutes"},"schema":{"@context":"https:\/\/schema.org","@graph":[{"@type":"WebPage","@id":"https:\/\/jeu-digital.fr\/suddefranceflq\/instantsgagnants\/","url":"https:\/\/jeu-digital.fr\/suddefranceflq\/instantsgagnants\/","name":"Instants Gagnants - Sud de France","isPartOf":{"@id":"https:\/\/jeu-digital.fr\/suddefranceflq\/instantsgagnants\/#website"},"datePublished":"2023-05-15T12:57:43+00:00","dateModified":"2023-05-17T09:36:56+00:00","description":"Jouez et tentez de remporter un bon d'achat de 10 \u20ac \u00e0 utiliser sur place lors de l'\u00e9v\u00e8nement Sud de France-l'Occitanie F\u00eate la Qualit\u00e9 le 16.17.18 Juin 2023","breadcrumb":{"@id":"https:\/\/jeu-digital.fr\/suddefranceflq\/instantsgagnants\/#breadcrumb"},"inLanguage":"fr-FR","potentialAction":[{"@type":"ReadAction","target":["https:\/\/jeu-digital.fr\/suddefranceflq\/instantsgagnants\/"]}]},{"@type":"BreadcrumbList","@id":"https:\/\/jeu-digital.fr\/suddefranceflq\/instantsgagnants\/#breadcrumb","itemListElement":[{"@type":"ListItem","position":1,"name":"Accueil","item":"https:\/\/jeu-digital.fr\/suddefranceflq\/instantsgagnants\/"},{"@type":"ListItem","position":2,"name":"Accueil"}]},{"@type":"WebSite","@id":"https:\/\/jeu-digital.fr\/suddefranceflq\/instantsgagnants\/#website","url":"https:\/\/jeu-digital.fr\/suddefranceflq\/instantsgagnants\/","name":"Instants Gagnants - Sud de France","description":"Jouez et tentez de remporter un bon d&#039;achat de 10 \u20ac \u00e0 utiliser sur place lors de l&#039;\u00e9v\u00e8nement Sud de France-l&#039;Occitanie F\u00eate la Qualit\u00e9 le 16.17.18 Juin 2023","publisher":{"@id":"https:\/\/jeu-digital.fr\/suddefranceflq\/instantsgagnants\/#organization"},"potentialAction":[{"@type":"SearchAction","target":{"@type":"EntryPoint","urlTemplate":"https:\/\/jeu-digital.fr\/suddefranceflq\/instantsgagnants\/?s={search_term_string}"},"query-input":"required name=search_term_string"}],"inLanguage":"fr-FR"},{"@type":"Organization","@id":"https:\/\/jeu-digital.fr\/suddefranceflq\/instantsgagnants\/#organization","name":"Instants Gagnants - Sud de France","url":"https:\/\/jeu-digital.fr\/suddefranceflq\/instantsgagnants\/","logo":{"@type":"ImageObject","inLanguage":"fr-FR","@id":"https:\/\/jeu-digital.fr\/suddefranceflq\/instantsgagnants\/#\/schema\/logo\/image\/","url":"https:\/\/jeu-digital.fr\/suddefranceflq\/instantsgagnants\/wp-content\/uploads\/2023\/05\/logo_SDF_FLQ.png","contentUrl":"https:\/\/jeu-digital.fr\/suddefranceflq\/instantsgagnants\/wp-content\/uploads\/2023\/05\/logo_SDF_FLQ.png","width":979,"height":616,"caption":"Instants Gagnants - Sud de France"},"image":{"@id":"https:\/\/jeu-digital.fr\/suddefranceflq\/instantsgagnants\/#\/schema\/logo\/image\/"},"sameAs":["https:\/\/www.facebook.com\/suddefrancefetelaqualite","https:\/\/www.instagram.com\/suddefrancefetelaqualite\/?hl=fr"]}]}},"_links":{"self":[{"href":"https:\/\/jeu-digital.fr\/suddefranceflq\/instantsgagnants\/wp-json\/wp\/v2\/pages\/22","targetHints":{"allow":["GET"]}}],"collection":[{"href":"https:\/\/jeu-digital.fr\/suddefranceflq\/instantsgagnants\/wp-json\/wp\/v2\/pages"}],"about":[{"href":"https:\/\/jeu-digital.fr\/suddefranceflq\/instantsgagnants\/wp-json\/wp\/v2\/types\/page"}],"author":[{"embeddable":true,"href":"https:\/\/jeu-digital.fr\/suddefranceflq\/instantsgagnants\/wp-json\/wp\/v2\/users\/1"}],"replies":[{"embeddable":true,"href":"https:\/\/jeu-digital.fr\/suddefranceflq\/instantsgagnants\/wp-json\/wp\/v2\/comments?post=22"}],"version-history":[{"count":26,"href":"https:\/\/jeu-digital.fr\/suddefranceflq\/instantsgagnants\/wp-json\/wp\/v2\/pages\/22\/revisions"}],"predecessor-version":[{"id":105,"href":"https:\/\/jeu-digital.fr\/suddefranceflq\/instantsgagnants\/wp-json\/wp\/v2\/pages\/22\/revisions\/105"}],"wp:attachment":[{"href":"https:\/\/jeu-digital.fr\/suddefranceflq\/instantsgagnants\/wp-json\/wp\/v2\/media?parent=22"}],"curies":[{"name":"wp","href":"https:\/\/api.w.org\/{rel}","templated":true}]}}