{"id":6,"date":"2023-05-15T11:30:06","date_gmt":"2023-05-15T09:30:06","guid":{"rendered":"https:\/\/jeu-digital.fr\/suddefranceflq\/instantsgagnants\/?page_id=6"},"modified":"2023-05-17T11:15:15","modified_gmt":"2023-05-17T09:15:15","slug":"jeu","status":"publish","type":"page","link":"https:\/\/jeu-digital.fr\/suddefranceflq\/instantsgagnants\/jeu\/","title":{"rendered":"Jeu instant gagnant"},"content":{"rendered":"\t\t<div data-elementor-type=\"wp-page\" data-elementor-id=\"6\" class=\"elementor elementor-6\">\n\t\t\t\t\t\t\t\t\t<section class=\"elementor-section elementor-top-section elementor-element elementor-element-34de627 elementor-section-boxed elementor-section-height-default elementor-section-height-default\" data-id=\"34de627\" data-element_type=\"section\">\n\t\t\t\t\t\t<div class=\"elementor-container elementor-column-gap-default\">\n\t\t\t\t\t<div class=\"elementor-column elementor-col-100 elementor-top-column elementor-element elementor-element-0988b89\" data-id=\"0988b89\" data-element_type=\"column\">\n\t\t\t<div class=\"elementor-widget-wrap elementor-element-populated\">\n\t\t\t\t\t\t\t\t<div class=\"elementor-element elementor-element-089731e elementor-widget elementor-widget-image\" data-id=\"089731e\" data-element_type=\"widget\" data-widget_type=\"image.default\">\n\t\t\t\t<div class=\"elementor-widget-container\">\n\t\t\t<style>\/*! elementor - v3.13.1 - 09-05-2023 *\/\n.elementor-widget-image{text-align:center}.elementor-widget-image a{display:inline-block}.elementor-widget-image a img[src$=\".svg\"]{width:48px}.elementor-widget-image img{vertical-align:middle;display:inline-block}<\/style>\t\t\t\t\t\t\t\t\t\t\t\t<img loading=\"lazy\" decoding=\"async\" width=\"800\" height=\"503\" src=\"https:\/\/jeu-digital.fr\/suddefranceflq\/instantsgagnants\/wp-content\/uploads\/2023\/05\/logo_SDF_FLQ.png\" class=\"attachment-large size-large wp-image-12\" alt=\"\" srcset=\"https:\/\/jeu-digital.fr\/suddefranceflq\/instantsgagnants\/wp-content\/uploads\/2023\/05\/logo_SDF_FLQ.png 979w, https:\/\/jeu-digital.fr\/suddefranceflq\/instantsgagnants\/wp-content\/uploads\/2023\/05\/logo_SDF_FLQ-300x189.png 300w, https:\/\/jeu-digital.fr\/suddefranceflq\/instantsgagnants\/wp-content\/uploads\/2023\/05\/logo_SDF_FLQ-768x483.png 768w\" sizes=\"auto, (max-width: 800px) 100vw, 800px\" \/>\t\t\t\t\t\t\t\t\t\t\t\t\t\t\t<\/div>\n\t\t\t\t<\/div>\n\t\t\t\t<div class=\"elementor-element elementor-element-91efc7a elementor-widget elementor-widget-shortcode\" data-id=\"91efc7a\" data-element_type=\"widget\" data-widget_type=\"shortcode.default\">\n\t\t\t\t<div class=\"elementor-widget-container\">\n\t\t\t\t\t<div class=\"elementor-shortcode\"><iframe src=\"https:\/\/ubishaker.com?appId=26&campaignId=168413974993630\" style=\"width:100%;height:790px;\" frameborder=\"0\"><\/iframe><\/div>\n\t\t\t\t<\/div>\n\t\t\t\t<\/div>\n\t\t\t\t<div class=\"elementor-element elementor-element-1d4bc12 elementor-widget elementor-widget-text-editor\" data-id=\"1d4bc12\" data-element_type=\"widget\" data-widget_type=\"text-editor.default\">\n\t\t\t\t<div class=\"elementor-widget-container\">\n\t\t\t<style>\/*! elementor - v3.13.1 - 09-05-2023 *\/\n.elementor-widget-text-editor.elementor-drop-cap-view-stacked .elementor-drop-cap{background-color:#69727d;color:#fff}.elementor-widget-text-editor.elementor-drop-cap-view-framed .elementor-drop-cap{color:#69727d;border:3px solid;background-color:transparent}.elementor-widget-text-editor:not(.elementor-drop-cap-view-default) .elementor-drop-cap{margin-top:8px}.elementor-widget-text-editor:not(.elementor-drop-cap-view-default) .elementor-drop-cap-letter{width:1em;height:1em}.elementor-widget-text-editor .elementor-drop-cap{float:left;text-align:center;line-height:1;font-size:50px}.elementor-widget-text-editor .elementor-drop-cap-letter{display:inline-block}<\/style>\t\t\t\t<p><a style=\"color: #000000;\" href=\"https:\/\/jeu-digital.fr\/suddefranceflq\/instantsgagnants\/mentions-legales\/\" target=\"_blank\" rel=\"noopener\">Mentions l\u00e9gales<\/a> &#8211; <a style=\"color: #000000;\" href=\"https:\/\/jeu-digital.fr\/suddefranceflq\/instantsgagnants\/reglement-du-jeu\/\" target=\"_blank\" rel=\"noopener\">R\u00e8glement du jeu<\/a><\/p>\t\t\t\t\t\t<\/div>\n\t\t\t\t<\/div>\n\t\t\t\t\t<\/div>\n\t\t<\/div>\n\t\t\t\t\t\t\t<\/div>\n\t\t<\/section>\n\t\t\t\t<section class=\"elementor-section elementor-top-section elementor-element elementor-element-7393e31 elementor-section-content-bottom elementor-section-boxed elementor-section-height-default elementor-section-height-default\" data-id=\"7393e31\" data-element_type=\"section\">\n\t\t\t\t\t\t<div class=\"elementor-container elementor-column-gap-default\">\n\t\t\t\t\t<div class=\"elementor-column elementor-col-50 elementor-top-column elementor-element elementor-element-12d832a\" data-id=\"12d832a\" data-element_type=\"column\">\n\t\t\t<div class=\"elementor-widget-wrap elementor-element-populated\">\n\t\t\t\t\t\t\t\t<div class=\"elementor-element elementor-element-4609944 elementor-widget elementor-widget-image\" data-id=\"4609944\" data-element_type=\"widget\" data-widget_type=\"image.default\">\n\t\t\t\t<div class=\"elementor-widget-container\">\n\t\t\t\t\t\t\t\t\t\t\t\t\t\t\t<img loading=\"lazy\" decoding=\"async\" width=\"684\" height=\"67\" src=\"https:\/\/jeu-digital.fr\/suddefranceflq\/instantsgagnants\/wp-content\/uploads\/2023\/05\/logos_gauche.png\" class=\"attachment-large size-large wp-image-11\" alt=\"\" srcset=\"https:\/\/jeu-digital.fr\/suddefranceflq\/instantsgagnants\/wp-content\/uploads\/2023\/05\/logos_gauche.png 684w, https:\/\/jeu-digital.fr\/suddefranceflq\/instantsgagnants\/wp-content\/uploads\/2023\/05\/logos_gauche-300x29.png 300w\" sizes=\"auto, (max-width: 684px) 100vw, 684px\" \/>\t\t\t\t\t\t\t\t\t\t\t\t\t\t\t<\/div>\n\t\t\t\t<\/div>\n\t\t\t\t\t<\/div>\n\t\t<\/div>\n\t\t\t\t<div class=\"elementor-column elementor-col-50 elementor-top-column elementor-element elementor-element-97963d8\" data-id=\"97963d8\" data-element_type=\"column\">\n\t\t\t<div class=\"elementor-widget-wrap elementor-element-populated\">\n\t\t\t\t\t\t\t\t<div class=\"elementor-element elementor-element-f8478a5 elementor-widget elementor-widget-image\" data-id=\"f8478a5\" data-element_type=\"widget\" data-widget_type=\"image.default\">\n\t\t\t\t<div class=\"elementor-widget-container\">\n\t\t\t\t\t\t\t\t\t\t\t\t\t\t\t<img loading=\"lazy\" decoding=\"async\" width=\"608\" height=\"92\" src=\"https:\/\/jeu-digital.fr\/suddefranceflq\/instantsgagnants\/wp-content\/uploads\/2023\/05\/logos_droite.png\" class=\"attachment-large size-large wp-image-10\" alt=\"\" srcset=\"https:\/\/jeu-digital.fr\/suddefranceflq\/instantsgagnants\/wp-content\/uploads\/2023\/05\/logos_droite.png 608w, https:\/\/jeu-digital.fr\/suddefranceflq\/instantsgagnants\/wp-content\/uploads\/2023\/05\/logos_droite-300x45.png 300w\" sizes=\"auto, (max-width: 608px) 100vw, 608px\" \/>\t\t\t\t\t\t\t\t\t\t\t\t\t\t\t<\/div>\n\t\t\t\t<\/div>\n\t\t\t\t\t<\/div>\n\t\t<\/div>\n\t\t\t\t\t\t\t<\/div>\n\t\t<\/section>\n\t\t\t\t\t\t\t<\/div>\n\t\t","protected":false},"excerpt":{"rendered":"<p>Mentions l\u00e9gales &#8211; R\u00e8glement du jeu<\/p>\n","protected":false},"author":1,"featured_media":0,"parent":0,"menu_order":0,"comment_status":"closed","ping_status":"closed","template":"elementor_canvas","meta":{"footnotes":""},"class_list":["post-6","page","type-page","status-publish","hentry"],"yoast_head":"<!-- This site is optimized with the Yoast SEO plugin v20.7 - https:\/\/yoast.com\/wordpress\/plugins\/seo\/ -->\n<title>Jeu Instants Gagnants - Sud de France<\/title>\n<meta name=\"description\" content=\"Jouez et tentez de remporter un bon d&#039;achat de 10 \u20ac \u00e0 utiliser sur place lors de l&#039;\u00e9v\u00e8nement Sud de France-l&#039;Occitanie F\u00eate la Qualit\u00e9 le 16.17.18 Juin 2023\" \/>\n<meta name=\"robots\" content=\"index, follow, max-snippet:-1, max-image-preview:large, max-video-preview:-1\" \/>\n<link rel=\"canonical\" href=\"https:\/\/jeu-digital.fr\/suddefranceflq\/instantsgagnants\/jeu\/\" \/>\n<meta property=\"og:locale\" content=\"fr_FR\" \/>\n<meta property=\"og:type\" content=\"article\" \/>\n<meta property=\"og:title\" content=\"Jeu Instants Gagnants - Sud de France\" \/>\n<meta property=\"og:description\" content=\"Jouez et tentez de remporter un bon d&#039;achat de 10 \u20ac \u00e0 utiliser sur place lors de l&#039;\u00e9v\u00e8nement Sud de France-l&#039;Occitanie F\u00eate la Qualit\u00e9 le 16.17.18 Juin 2023\" \/>\n<meta property=\"og:url\" content=\"https:\/\/jeu-digital.fr\/suddefranceflq\/instantsgagnants\/jeu\/\" \/>\n<meta property=\"og:site_name\" content=\"Instants Gagnants - Sud de France\" \/>\n<meta property=\"article:publisher\" content=\"https:\/\/www.facebook.com\/suddefrancefetelaqualite\" \/>\n<meta property=\"article:modified_time\" content=\"2023-05-17T09:15:15+00:00\" \/>\n<meta property=\"og:image\" content=\"https:\/\/jeu-digital.fr\/suddefranceflq\/instantsgagnants\/wp-content\/uploads\/2023\/05\/logo_SDF_FLQ.png\" \/>\n<meta name=\"twitter:card\" content=\"summary_large_image\" \/>\n<meta name=\"twitter:label1\" content=\"Dur\u00e9e de lecture estim\u00e9e\" \/>\n\t<meta name=\"twitter:data1\" content=\"1 minute\" \/>\n<script type=\"application\/ld+json\" class=\"yoast-schema-graph\">{\"@context\":\"https:\/\/schema.org\",\"@graph\":[{\"@type\":\"WebPage\",\"@id\":\"https:\/\/jeu-digital.fr\/suddefranceflq\/instantsgagnants\/jeu\/\",\"url\":\"https:\/\/jeu-digital.fr\/suddefranceflq\/instantsgagnants\/jeu\/\",\"name\":\"Jeu Instants Gagnants - Sud de France\",\"isPartOf\":{\"@id\":\"https:\/\/jeu-digital.fr\/suddefranceflq\/instantsgagnants\/#website\"},\"datePublished\":\"2023-05-15T09:30:06+00:00\",\"dateModified\":\"2023-05-17T09:15:15+00:00\",\"description\":\"Jouez et tentez de remporter un bon d'achat de 10 \u20ac \u00e0 utiliser sur place lors de l'\u00e9v\u00e8nement Sud de France-l'Occitanie F\u00eate la Qualit\u00e9 le 16.17.18 Juin 2023\",\"breadcrumb\":{\"@id\":\"https:\/\/jeu-digital.fr\/suddefranceflq\/instantsgagnants\/jeu\/#breadcrumb\"},\"inLanguage\":\"fr-FR\",\"potentialAction\":[{\"@type\":\"ReadAction\",\"target\":[\"https:\/\/jeu-digital.fr\/suddefranceflq\/instantsgagnants\/jeu\/\"]}]},{\"@type\":\"BreadcrumbList\",\"@id\":\"https:\/\/jeu-digital.fr\/suddefranceflq\/instantsgagnants\/jeu\/#breadcrumb\",\"itemListElement\":[{\"@type\":\"ListItem\",\"position\":1,\"name\":\"Accueil\",\"item\":\"https:\/\/jeu-digital.fr\/suddefranceflq\/instantsgagnants\/\"},{\"@type\":\"ListItem\",\"position\":2,\"name\":\"Jeu instant gagnant\"}]},{\"@type\":\"WebSite\",\"@id\":\"https:\/\/jeu-digital.fr\/suddefranceflq\/instantsgagnants\/#website\",\"url\":\"https:\/\/jeu-digital.fr\/suddefranceflq\/instantsgagnants\/\",\"name\":\"Instants Gagnants - Sud de France\",\"description\":\"Jouez et tentez de remporter un bon d&#039;achat de 10 \u20ac \u00e0 utiliser sur place lors de l&#039;\u00e9v\u00e8nement Sud de France-l&#039;Occitanie F\u00eate la Qualit\u00e9 le 16.17.18 Juin 2023\",\"publisher\":{\"@id\":\"https:\/\/jeu-digital.fr\/suddefranceflq\/instantsgagnants\/#organization\"},\"potentialAction\":[{\"@type\":\"SearchAction\",\"target\":{\"@type\":\"EntryPoint\",\"urlTemplate\":\"https:\/\/jeu-digital.fr\/suddefranceflq\/instantsgagnants\/?s={search_term_string}\"},\"query-input\":\"required name=search_term_string\"}],\"inLanguage\":\"fr-FR\"},{\"@type\":\"Organization\",\"@id\":\"https:\/\/jeu-digital.fr\/suddefranceflq\/instantsgagnants\/#organization\",\"name\":\"Instants Gagnants - Sud de France\",\"url\":\"https:\/\/jeu-digital.fr\/suddefranceflq\/instantsgagnants\/\",\"logo\":{\"@type\":\"ImageObject\",\"inLanguage\":\"fr-FR\",\"@id\":\"https:\/\/jeu-digital.fr\/suddefranceflq\/instantsgagnants\/#\/schema\/logo\/image\/\",\"url\":\"https:\/\/jeu-digital.fr\/suddefranceflq\/instantsgagnants\/wp-content\/uploads\/2023\/05\/logo_SDF_FLQ.png\",\"contentUrl\":\"https:\/\/jeu-digital.fr\/suddefranceflq\/instantsgagnants\/wp-content\/uploads\/2023\/05\/logo_SDF_FLQ.png\",\"width\":979,\"height\":616,\"caption\":\"Instants Gagnants - Sud de France\"},\"image\":{\"@id\":\"https:\/\/jeu-digital.fr\/suddefranceflq\/instantsgagnants\/#\/schema\/logo\/image\/\"},\"sameAs\":[\"https:\/\/www.facebook.com\/suddefrancefetelaqualite\",\"https:\/\/www.instagram.com\/suddefrancefetelaqualite\/?hl=fr\"]}]}<\/script>\n<!-- \/ Yoast SEO plugin. -->","yoast_head_json":{"title":"Jeu Instants Gagnants - Sud de France","description":"Jouez et tentez de remporter un bon d'achat de 10 \u20ac \u00e0 utiliser sur place lors de l'\u00e9v\u00e8nement Sud de France-l'Occitanie F\u00eate la Qualit\u00e9 le 16.17.18 Juin 2023","robots":{"index":"index","follow":"follow","max-snippet":"max-snippet:-1","max-image-preview":"max-image-preview:large","max-video-preview":"max-video-preview:-1"},"canonical":"https:\/\/jeu-digital.fr\/suddefranceflq\/instantsgagnants\/jeu\/","og_locale":"fr_FR","og_type":"article","og_title":"Jeu Instants Gagnants - Sud de France","og_description":"Jouez et tentez de remporter un bon d'achat de 10 \u20ac \u00e0 utiliser sur place lors de l'\u00e9v\u00e8nement Sud de France-l'Occitanie F\u00eate la Qualit\u00e9 le 16.17.18 Juin 2023","og_url":"https:\/\/jeu-digital.fr\/suddefranceflq\/instantsgagnants\/jeu\/","og_site_name":"Instants Gagnants - Sud de France","article_publisher":"https:\/\/www.facebook.com\/suddefrancefetelaqualite","article_modified_time":"2023-05-17T09:15:15+00:00","og_image":[{"url":"https:\/\/jeu-digital.fr\/suddefranceflq\/instantsgagnants\/wp-content\/uploads\/2023\/05\/logo_SDF_FLQ.png"}],"twitter_card":"summary_large_image","twitter_misc":{"Dur\u00e9e de lecture estim\u00e9e":"1 minute"},"schema":{"@context":"https:\/\/schema.org","@graph":[{"@type":"WebPage","@id":"https:\/\/jeu-digital.fr\/suddefranceflq\/instantsgagnants\/jeu\/","url":"https:\/\/jeu-digital.fr\/suddefranceflq\/instantsgagnants\/jeu\/","name":"Jeu Instants Gagnants - Sud de France","isPartOf":{"@id":"https:\/\/jeu-digital.fr\/suddefranceflq\/instantsgagnants\/#website"},"datePublished":"2023-05-15T09:30:06+00:00","dateModified":"2023-05-17T09:15:15+00:00","description":"Jouez et tentez de remporter un bon d'achat de 10 \u20ac \u00e0 utiliser sur place lors de l'\u00e9v\u00e8nement Sud de France-l'Occitanie F\u00eate la Qualit\u00e9 le 16.17.18 Juin 2023","breadcrumb":{"@id":"https:\/\/jeu-digital.fr\/suddefranceflq\/instantsgagnants\/jeu\/#breadcrumb"},"inLanguage":"fr-FR","potentialAction":[{"@type":"ReadAction","target":["https:\/\/jeu-digital.fr\/suddefranceflq\/instantsgagnants\/jeu\/"]}]},{"@type":"BreadcrumbList","@id":"https:\/\/jeu-digital.fr\/suddefranceflq\/instantsgagnants\/jeu\/#breadcrumb","itemListElement":[{"@type":"ListItem","position":1,"name":"Accueil","item":"https:\/\/jeu-digital.fr\/suddefranceflq\/instantsgagnants\/"},{"@type":"ListItem","position":2,"name":"Jeu instant gagnant"}]},{"@type":"WebSite","@id":"https:\/\/jeu-digital.fr\/suddefranceflq\/instantsgagnants\/#website","url":"https:\/\/jeu-digital.fr\/suddefranceflq\/instantsgagnants\/","name":"Instants Gagnants - Sud de France","description":"Jouez et tentez de remporter un bon d&#039;achat de 10 \u20ac \u00e0 utiliser sur place lors de l&#039;\u00e9v\u00e8nement Sud de France-l&#039;Occitanie F\u00eate la Qualit\u00e9 le 16.17.18 Juin 2023","publisher":{"@id":"https:\/\/jeu-digital.fr\/suddefranceflq\/instantsgagnants\/#organization"},"potentialAction":[{"@type":"SearchAction","target":{"@type":"EntryPoint","urlTemplate":"https:\/\/jeu-digital.fr\/suddefranceflq\/instantsgagnants\/?s={search_term_string}"},"query-input":"required name=search_term_string"}],"inLanguage":"fr-FR"},{"@type":"Organization","@id":"https:\/\/jeu-digital.fr\/suddefranceflq\/instantsgagnants\/#organization","name":"Instants Gagnants - Sud de France","url":"https:\/\/jeu-digital.fr\/suddefranceflq\/instantsgagnants\/","logo":{"@type":"ImageObject","inLanguage":"fr-FR","@id":"https:\/\/jeu-digital.fr\/suddefranceflq\/instantsgagnants\/#\/schema\/logo\/image\/","url":"https:\/\/jeu-digital.fr\/suddefranceflq\/instantsgagnants\/wp-content\/uploads\/2023\/05\/logo_SDF_FLQ.png","contentUrl":"https:\/\/jeu-digital.fr\/suddefranceflq\/instantsgagnants\/wp-content\/uploads\/2023\/05\/logo_SDF_FLQ.png","width":979,"height":616,"caption":"Instants Gagnants - Sud de France"},"image":{"@id":"https:\/\/jeu-digital.fr\/suddefranceflq\/instantsgagnants\/#\/schema\/logo\/image\/"},"sameAs":["https:\/\/www.facebook.com\/suddefrancefetelaqualite","https:\/\/www.instagram.com\/suddefrancefetelaqualite\/?hl=fr"]}]}},"_links":{"self":[{"href":"https:\/\/jeu-digital.fr\/suddefranceflq\/instantsgagnants\/wp-json\/wp\/v2\/pages\/6","targetHints":{"allow":["GET"]}}],"collection":[{"href":"https:\/\/jeu-digital.fr\/suddefranceflq\/instantsgagnants\/wp-json\/wp\/v2\/pages"}],"about":[{"href":"https:\/\/jeu-digital.fr\/suddefranceflq\/instantsgagnants\/wp-json\/wp\/v2\/types\/page"}],"author":[{"embeddable":true,"href":"https:\/\/jeu-digital.fr\/suddefranceflq\/instantsgagnants\/wp-json\/wp\/v2\/users\/1"}],"replies":[{"embeddable":true,"href":"https:\/\/jeu-digital.fr\/suddefranceflq\/instantsgagnants\/wp-json\/wp\/v2\/comments?post=6"}],"version-history":[{"count":29,"href":"https:\/\/jeu-digital.fr\/suddefranceflq\/instantsgagnants\/wp-json\/wp\/v2\/pages\/6\/revisions"}],"predecessor-version":[{"id":99,"href":"https:\/\/jeu-digital.fr\/suddefranceflq\/instantsgagnants\/wp-json\/wp\/v2\/pages\/6\/revisions\/99"}],"wp:attachment":[{"href":"https:\/\/jeu-digital.fr\/suddefranceflq\/instantsgagnants\/wp-json\/wp\/v2\/media?parent=6"}],"curies":[{"name":"wp","href":"https:\/\/api.w.org\/{rel}","templated":true}]}}