{"id":3,"date":"2022-05-11T09:56:42","date_gmt":"2022-05-11T07:56:42","guid":{"rendered":"http:\/\/jeu-digital.fr\/terroirsduvertige\/fetedesmeres22\/?page_id=3"},"modified":"2022-05-13T14:02:29","modified_gmt":"2022-05-13T12:02:29","slug":"reglement","status":"publish","type":"page","link":"https:\/\/jeu-digital.fr\/terroirsduvertige\/fetedesmeres22\/reglement\/","title":{"rendered":"R\u00e8glement Loterie Terroirs du Vertige"},"content":{"rendered":"\n<p><em>Le pr\u00e9sent r\u00e8glement d\u00e9termine les r\u00e8gles et conditions de participation au \u00ab&nbsp;<\/em>La Loterie de la f\u00eate des m\u00e8res des Terroirs du Vertige&nbsp;<em>\u00bb, que le participant reconna\u00eet&nbsp;accepter, sans r\u00e9serve, du seul fait de sa participation.<\/em><\/p>\n\n\n\n<ol class=\"wp-block-list\" type=\"1\"><li><strong>ORGANISATION<\/strong><strong><\/strong><\/li><\/ol>\n\n\n\n<p>Les Terroirs du Vertige organisent sur le site\u00a0<a href=\"http:\/\/jeu-digital.fr\/terroirsduvertige\/concoursphotopaques\/\">https:\/\/jeu-digital.fr\/terroirsduvertige\/fetedesmeres22<\/a> un jeu gratuit sans obligation d\u2019achat.<br>Le jeu d\u00e9butera le 13\/05\/2022 et se terminera le 29\/05\/2022 \u00e0 00h.<br>Ce jeu n\u2019est pas g\u00e9r\u00e9 ou parrain\u00e9 par Facebook. Les informations que vous communiquerez seront fournies aux Terroirs du Vertige et non \u00e0 Facebook.<\/p>\n\n\n\n<ul class=\"wp-block-list\"><li><strong>RESPECT DU R\u00c8GLEMENT DU JEU<\/strong><strong><\/strong><\/li><\/ul>\n\n\n\n<p>Le fait de participer au pr\u00e9sent Jeu, emporte pour tout participant connaissance et acceptation expresse et sans r\u00e9serve de l\u2019ensemble des dispositions du pr\u00e9sent r\u00e8glement.<br>Le participant d\u00e9clare satisfaire \u00e0 toutes les conditions n\u00e9cessaires pour participer au Jeu et s\u2019engage \u00e0 respecter les conditions du pr\u00e9sent r\u00e8glement, les lois et les r\u00e9glementations applicables.<strong><\/strong><\/p>\n\n\n\n<p><strong>3. ACC\u00c8S AU JEU<\/strong><strong><\/strong><\/p>\n\n\n\n<p>La participation au Jeu est ouverte \u00e0 toute personne physique \u00e2g\u00e9e de plus de 18 ans \u00e0 la date de publication du pr\u00e9sent r\u00e8glement.<br>Le Jeu est limit\u00e9 \u00e0 1 participation par personne physique (m\u00eame nom, pr\u00e9nom et adresse \u00e9lectronique). La participation est strictement nominative et limit\u00e9e \u00e0 une personne physique. Toute participation multiple d\u2019une m\u00eame personne sous couvert de plusieurs comptes ou pseudonymes ou pour le compte d\u2019autres participants est interdite et sera<br>analys\u00e9e comme une fraude au Jeu.<br>La participation de plusieurs personnes d\u2019un m\u00eame foyer n\u2019est pas autoris\u00e9e.<\/p>\n\n\n\n<p>\u00ab&nbsp;La Loterie de la f\u00eate des m\u00e8res des Terroirs du Vertige&nbsp;\u00bb est r\u00e9serv\u00e9e \u00e0 la France M\u00e9tropolitaine.<\/p>\n\n\n\n<p><strong>4. INSCRIPTION ET PARTICIPATION AU JEU<\/strong><strong><\/strong><\/p>\n\n\n\n<p>1\/ Les \u00e9tapes pour participer au jeu sont :<\/p>\n\n\n\n<ul class=\"wp-block-list\"><li>Renseigner sur le formulaire pr\u00e9sent sur <a href=\"https:\/\/jeu-digital.fr\/terroirsduvertige\/fetedesmeres22\">https:\/\/jeu-digital.fr\/terroirsduvertige\/fetedesmeres22<\/a>\u00a0ses coordonn\u00e9es Nom \/ pr\u00e9nom \/ e-mail \/ date naissance \/ adresse postale et num\u00e9ro de t\u00e9l\u00e9phone.<\/li><li>Aucune inscription par un autre moyen de communication qu\u2019indiqu\u00e9 pr\u00e9c\u00e9demment ne pourra \u00eatre prise en compte et notamment par t\u00e9l\u00e9phone, t\u00e9l\u00e9copie, courrier postal ou courrier \u00e9lectronique.<\/li><\/ul>\n\n\n\n<p>2\/ Les inscriptions seront ouvertes du 13\/05\/2022 au 29\/05\/2022\u00e0 00h.<br><br>3\/ Terroirs du Vertige d\u00e9terminera le gagnant par tirage au sort dans les 10 jours suivants la fin du jeu.<\/p>\n\n\n\n<p><br>4\/ Le gagnant sera contact\u00e9 par mail dans un d\u00e9lai de 1 mois maximum \u00e0 compter<strong><em> <\/em><\/strong>de la cl\u00f4ture des votes.<\/p>\n\n\n\n<p>Les inscriptions seront consid\u00e9r\u00e9es comme nulles si elles sont envoy\u00e9es apr\u00e8s la date limite d\u2019inscription, si elles sont incompl\u00e8tes, erron\u00e9es, illisibles ou frauduleuses.<\/p>\n\n\n\n<p><strong>5. La DOTATION<\/strong><strong><\/strong><\/p>\n\n\n\n<p><strong>1er lot<\/strong> : 1 Fraicheur Rouge, 1 Fraicheur Ros\u00e9 et 1 Fraicheur blanc valeur d\u2019une valeur de 18,90\u20ac<\/p>\n\n\n\n<p><strong>2<sup>\u00e8me<\/sup> lot<\/strong> : 1 Vertiges + 1 Octa d\u2019une valeur de 20,50\u20ac<\/p>\n\n\n\n<p><strong>3<sup>\u00e8me<\/sup> lot<\/strong> : 1 Bonelli + 1 Octa d\u2019une valeur de 25\u20ac<\/p>\n\n\n\n<p><strong>6. MISE \u00c0 DISPOSITION ET TRANSPORT DES LOTS<\/strong><strong><\/strong><\/p>\n\n\n\n<p>Le gagnant sera inform\u00e9 par courrier \u00e9lectronique, dans un d\u00e9lai maximum d\u2019un mois suivant la date de fin du concours. Le courrier \u00e9lectronique rappellera les coordonn\u00e9es de la personne inscrite. A d\u00e9faut de contestation desdites coordonn\u00e9es dans le d\u00e9lai de 10 jours \u00e0 compter de la r\u00e9ception du courrier \u00e9lectronique, celles-ci seront r\u00e9put\u00e9es valid\u00e9es.<\/p>\n\n\n\n<p>Seuls les participants ayant inscrit une adresse email valide au d\u00e9but du concours pourront pr\u00e9tendre \u00e0 leurs lots.<\/p>\n\n\n\n<p>Les lots ne pourront donner lieu \u00e0 aucune contestation, ni \u00e0 la remise de leur contrevaleur en num\u00e9raire, ni \u00e0 leur \u00e9change ou remplacement pour quelque cause que ce soit.<br>Les gagnants renoncent \u00e0 r\u00e9clamer aux Terroirs du Vertige tout d\u00e9dommagement r\u00e9sultant d\u2019un \u00e9ventuel pr\u00e9judice ou dommage occasionn\u00e9 par l\u2019acceptation et\/ou l\u2019utilisation des lots.<\/p>\n\n\n\n<p>Les participants autorisent toutes v\u00e9rifications concernant leur identit\u00e9 et leurs coordonn\u00e9es. Toute indication d\u2019identit\u00e9 ou d\u2019adresse fausse ou erron\u00e9e entra\u00eenera automatiquement l\u2019\u00e9limination du candidat du jeu-concours et l\u2019annulation de sa dotation.<\/p>\n\n\n\n<p>Les Terroirs du Vertige ne sauraient \u00eatre tenus responsables si, pour des raisons ind\u00e9pendantes de sa volont\u00e9 (cas fortuit ou force majeure ainsi que tout autre \u00e9v\u00e9nement ind\u00e9pendant de sa volont\u00e9 rendant impossible l\u2019ex\u00e9cution du \u00ab concours \u00bb dans les conditions initiales pr\u00e9vues), le concours \u00e9tait partiellement ou totalement modifi\u00e9, report\u00e9 ou annul\u00e9.<\/p>\n\n\n\n<p>Les Terroirs du Vertige se r\u00e9servent le droit de changer unilat\u00e9ralement les dotations, en cas d\u2019impr\u00e9vus. Il ne saurait \u00eatre responsable des retards et (ou) des pertes du fait des services postaux ou et \/ ou de leur destruction totale ou partielle pour tout autre cas fortuit.<\/p>\n\n\n\n<p><strong>7. RESPECT DES REGLES ET MODERATION<\/strong><strong><\/strong><\/p>\n\n\n\n<p>Participer au jeu implique une attitude loyale, signifiant le respect absolu des r\u00e8gles et des droits des autres participants, ainsi qu\u2019au respect de l\u2019esprit du concours et d\u2019autrui,&nbsp;attitude non suggestive, ne portant pas atteintes aux bonnes m\u0153urs, ni au droit \u00e0 l\u2019image d\u2019autrui.<br><br>Le Participant s\u2019interdit de mettre en \u0153uvre ou de chercher \u00e0 mettre en \u0153uvre tout proc\u00e9d\u00e9 de participation qui ne serait pas strictement conforme au respect des principes du pr\u00e9sent r\u00e8glement.<br><br>Les Terroirs du Vertige se r\u00e9servent le droit d\u2019\u00e9carter, de disqualifier ou d\u2019invalider les gains de toute personne ne respectant pas totalement le r\u00e8glement.<\/p>\n\n\n\n<p>Les Terroirs du Vertige se r\u00e9servent \u00e9galement le droit de poursuivre quiconque tenterait de frauder ou de nuire au bon d\u00e9roulement de la participation au Jeu.<br>Toute falsification entra\u00eene l\u2019\u00e9limination imm\u00e9diate du Participant.<\/p>\n\n\n\n<p>Les Terroirs du Vertige pourront d\u00e9cider d\u2019annuler le jeu s\u2019il appara\u00eet que des fraudes manifestes sont intervenues sous quelque forme que ce soit.<\/p>\n\n\n\n<p><strong>9. RESPONSABILITE<\/strong><strong><\/strong><\/p>\n\n\n\n<p>La responsabilit\u00e9 des Terroirs du Vertige ne saura \u00eatre encourue dans les cas suivants :<\/p>\n\n\n\n<ul class=\"wp-block-list\"><li>Lorsque le pr\u00e9sent jeu doit \u00eatre modifi\u00e9, \u00e9court\u00e9 ou annul\u00e9 pour une cause ind\u00e9pendante de sa volont\u00e9 ou en cas de n\u00e9cessit\u00e9 justifi\u00e9e. Les modifications alors apport\u00e9es \u00e0 ce r\u00e8glement pourront \u00e9ventuellement \u00eatre publi\u00e9es pendant le jeu.<br>Elles seront consid\u00e9r\u00e9es comme des annexes au pr\u00e9sent r\u00e8glement.<\/li><li>Du fait d\u2019une erreur d\u2019acheminement de colis, de la perte de ceux-ci lors de leur exp\u00e9dition, de leur non r\u00e9ception ou de leur d\u00e9t\u00e9rioration et de toutes autres perturbations dans l\u2019acheminement.<\/li><\/ul>\n\n\n\n<p>Les Terroirs du Vertige d\u00e9clinent toute responsabilit\u00e9 pour tous les incidents et\/ou accidents qui pourraient survenir pendant la dur\u00e9e de jouissance du prix attribu\u00e9 et \/ ou du fait de son utilisation.<br><br>Les Terroirs du Vertige ne sauraient \u00eatre tenus responsables en cas de dysfonctionnement du site Internet. La participation au pr\u00e9sent Jeu implique la connaissance et l\u2019acceptation des caract\u00e9ristiques et des limites de l\u2019Internet, notamment en ce qui concerne les performances techniques, les temps de r\u00e9ponse pour consulter, interroger ou transf\u00e9rer des informations, l\u2019absence de protection de certaines donn\u00e9es contre des d\u00e9tournements \u00e9ventuels et les risques de contamination par des \u00e9ventuels virus circulant sur le r\u00e9seau. En cons\u00e9quence, Terroirs du Vertige ne sauraient en aucune circonstance \u00eatre d\u00e9clar\u00e9s responsables, sans que cette liste soit limitative, d\u2019\u00e9ventuels dysfonctionnements du r\u00e9seau Internet ayant entra\u00een\u00e9 des d\u00e9faillances dans l\u2019administration, la s\u00e9curit\u00e9, l\u2019\u00e9quit\u00e9, l\u2019int\u00e9grit\u00e9 ou la gestion du Jeu.<\/p>\n\n\n\n<p><br>En outre, les Terroirs du Vertige ne sauraient \u00eatre d\u00e9clar\u00e9s responsables pour toutes erreurs, omissions, interruptions, effacements, d\u00e9lais de transmission, d\u00e9faillances des circuits de communication, destruction, d\u00e9gradation, acc\u00e8s non autoris\u00e9 aux formulaires<br>ou bulletins, non r\u00e9ception d\u2019un formulaire ou bulletin n\u2019ayant pas abouti pour des raisons de circulation sur Internet ou de d\u00e9faillance technique de l\u2019ordinateur d\u2019un participant ou de toute personne li\u00e9e \u00e0 la participation du pr\u00e9sent jeu, ou tout autre probl\u00e8me li\u00e9 aux r\u00e9seaux de t\u00e9l\u00e9communications, aux ordinateurs en ligne, aux serveurs, aux fournisseurs d\u2019acc\u00e8s Internet, aux \u00e9quipements informatiques ou aux logiciels.<\/p>\n\n\n\n<p><strong>10. INFORMATIQUE ET LIBERTES<\/strong><strong><\/strong><\/p>\n\n\n\n<p>Le gagnant ne pourra s\u2019opposer \u00e0 une \u00e9ventuelle utilisation gratuite de son pr\u00e9nom, lors de l\u2019annonce des r\u00e9sultats du jeu, afin de servir de t\u00e9moignage, sauf s\u2019il renonce \u00e0 son prix.<\/p>\n\n\n\n<p>Les informations communiqu\u00e9es au cours du jeu concours feront l\u2019objet d\u2019un traitement informatique uniquement destin\u00e9 \u00e0 l\u2019usage interne des Terroirs du Vertige.<br><br>Conform\u00e9ment \u00e0 la loi \u00ab informatique et libert\u00e9s \u00bb du 6 janvier 1978 modifi\u00e9e, tout participant b\u00e9n\u00e9ficie d\u2019un droit d\u2019acc\u00e8s, de rectification et d\u2019effacement de ses donn\u00e9es ou encore de limitation du traitement. Il peut \u00e9galement, pour des motifs l\u00e9gitimes, s&rsquo;opposer au traitement des donn\u00e9es le concernant. Ces droits pourront \u00eatre exerc\u00e9s en contactant le D\u00e9l\u00e9gu\u00e9 \u00e0 la protection des donn\u00e9es (DPO) par mail : <a href=\"mailto:info@terroirsduvertige.fr\">info@terroirsduvertige.fr<\/a> ou par voie postale&nbsp;: Terroirs du Vertige, 2 chemin des vignerons 11220 Talairan.<\/p>\n\n\n\n<p><br>Les donn\u00e9es collect\u00e9es sont obligatoires pour participer au jeu concours. Par cons\u00e9quent, les personnes qui exerceront le droit de suppression des donn\u00e9es les concernant avant la fin du Jeu-concours seront r\u00e9put\u00e9es renoncer \u00e0 leur participation. De m\u00eame, le gagnant ne pourra s\u2019opposer \u00e0 une \u00e9ventuelle utilisation gratuite de son pr\u00e9nom, lors de l\u2019annonce des r\u00e9sultats du jeu, afin de servir de t\u00e9moignage, sauf s\u2019il renonce \u00e0 son prix.<br><br>Les Terroirs du Vertige utiliseront uniquement les donn\u00e9es personnelles aux fins qui auront \u00e9t\u00e9 indiqu\u00e9es au moment de l\u2019inscription au Concours.<br><br>Les Terroirs du Vertige ne transmettront \u00e0 des tiers les donn\u00e9es personnelles des participants que si ces derniers lui en auront donn\u00e9 express\u00e9ment l\u2019autorisation.<\/p>\n\n\n\n<p>Les informations personnelles port\u00e9es sur ce formulaire sont enregistr\u00e9es dans un fichier informatis\u00e9 Terroirs du Vertige.<\/p>\n\n\n\n<p>Ces donn\u00e9es sont recueillies pour contacter le(s) gagnant(s) et leur envoyer dans l&rsquo;ann\u00e9e des informations sur nos \u00e9v\u00e9nements.<\/p>\n\n\n\n<p>Les donn\u00e9es collect\u00e9es sont \u00e0 destination du service Communication et Marketing pour une dur\u00e9e de 5 ans \u00e0 compter de la date de publication du jeu.<\/p>\n\n\n\n<p><strong>11. ACCEPTATION DU REGLEMENT<\/strong><strong><\/strong><\/p>\n\n\n\n<p>La participation au jeu concours \u00ab&nbsp;La Loterie de la f\u00eate des m\u00e8res des Terroirs du Vertige&nbsp;\u00bb implique l\u2019acceptation pure et simple du pr\u00e9sent r\u00e8glement.<\/p>\n\n\n\n<p>Ce r\u00e8glement est disponible en ligne sur\u00a0<a href=\"http:\/\/jeu-digital.fr\/terroirsduvertige\/concoursphotopaques\/\">https:\/\/jeu-digital.fr\/terroirsduvertige\/fetedesmeres22<\/a><\/p>\n\n\n\n<p><br>Toute modification du pr\u00e9sent r\u00e8glement fera l\u2019objet d\u2019un avenant qui sera mis en ligne.<\/p>\n\n\n\n<p>Tous les cas non pr\u00e9vus par le pr\u00e9sent r\u00e8glement seront tranch\u00e9s par les Terroirs du Vertige et la d\u00e9cision sera sans appel.<\/p>\n\n\n\n<p><br>R\u00e8glement soumis \u00e0 la loi Fran\u00e7aise<\/p>\n","protected":false},"excerpt":{"rendered":"<p>Le pr\u00e9sent r\u00e8glement d\u00e9termine les r\u00e8gles et conditions de participation au \u00ab&nbsp;La Loterie de la f\u00eate des m\u00e8res des Terroirs du Vertige&nbsp;\u00bb, que le participant reconna\u00eet&nbsp;accepter, sans r\u00e9serve, du seul fait de sa participation. ORGANISATION Les Terroirs du Vertige organisent sur le site\u00a0https:\/\/jeu-digital.fr\/terroirsduvertige\/fetedesmeres22 un jeu gratuit sans obligation d\u2019achat.Le jeu d\u00e9butera le 13\/05\/2022 et se [&hellip;]<\/p>\n","protected":false},"author":1,"featured_media":0,"parent":0,"menu_order":0,"comment_status":"closed","ping_status":"open","template":"","meta":{"footnotes":""},"class_list":["post-3","page","type-page","status-publish","hentry"],"_links":{"self":[{"href":"https:\/\/jeu-digital.fr\/terroirsduvertige\/fetedesmeres22\/wp-json\/wp\/v2\/pages\/3","targetHints":{"allow":["GET"]}}],"collection":[{"href":"https:\/\/jeu-digital.fr\/terroirsduvertige\/fetedesmeres22\/wp-json\/wp\/v2\/pages"}],"about":[{"href":"https:\/\/jeu-digital.fr\/terroirsduvertige\/fetedesmeres22\/wp-json\/wp\/v2\/types\/page"}],"author":[{"embeddable":true,"href":"https:\/\/jeu-digital.fr\/terroirsduvertige\/fetedesmeres22\/wp-json\/wp\/v2\/users\/1"}],"replies":[{"embeddable":true,"href":"https:\/\/jeu-digital.fr\/terroirsduvertige\/fetedesmeres22\/wp-json\/wp\/v2\/comments?post=3"}],"version-history":[{"count":6,"href":"https:\/\/jeu-digital.fr\/terroirsduvertige\/fetedesmeres22\/wp-json\/wp\/v2\/pages\/3\/revisions"}],"predecessor-version":[{"id":145,"href":"https:\/\/jeu-digital.fr\/terroirsduvertige\/fetedesmeres22\/wp-json\/wp\/v2\/pages\/3\/revisions\/145"}],"wp:attachment":[{"href":"https:\/\/jeu-digital.fr\/terroirsduvertige\/fetedesmeres22\/wp-json\/wp\/v2\/media?parent=3"}],"curies":[{"name":"wp","href":"https:\/\/api.w.org\/{rel}","templated":true}]}}