{"id":47,"date":"2022-05-12T09:49:10","date_gmt":"2022-05-12T07:49:10","guid":{"rendered":"https:\/\/jeu-digital.fr\/terroirsduvertige\/fetedesmeres22\/?page_id=47"},"modified":"2022-05-13T14:44:13","modified_gmt":"2022-05-13T12:44:13","slug":"form","status":"publish","type":"page","link":"https:\/\/jeu-digital.fr\/terroirsduvertige\/fetedesmeres22\/form\/","title":{"rendered":"Inscription"},"content":{"rendered":"\t\t<div data-elementor-type=\"wp-page\" data-elementor-id=\"47\" class=\"elementor elementor-47\">\n\t\t\t\t\t\t\t\t\t<section class=\"elementor-section elementor-top-section elementor-element elementor-element-476fee1 elementor-section-boxed elementor-section-height-default elementor-section-height-default\" data-id=\"476fee1\" data-element_type=\"section\">\n\t\t\t\t\t\t<div class=\"elementor-container elementor-column-gap-default\">\n\t\t\t\t\t<div class=\"elementor-column elementor-col-100 elementor-top-column elementor-element elementor-element-543dbde\" data-id=\"543dbde\" data-element_type=\"column\">\n\t\t\t<div class=\"elementor-widget-wrap elementor-element-populated\">\n\t\t\t\t\t\t\t\t<div class=\"elementor-element elementor-element-3578300 elementor-widget elementor-widget-image\" data-id=\"3578300\" data-element_type=\"widget\" data-widget_type=\"image.default\">\n\t\t\t\t<div class=\"elementor-widget-container\">\n\t\t\t<style>\/*! elementor - v3.6.5 - 27-04-2022 *\/\n.elementor-widget-image{text-align:center}.elementor-widget-image a{display:inline-block}.elementor-widget-image a img[src$=\".svg\"]{width:48px}.elementor-widget-image img{vertical-align:middle;display:inline-block}<\/style>\t\t\t\t\t\t\t\t\t\t\t\t\t<a href=\"https:\/\/jeu-digital.fr\/terroirsduvertige\/fetedesmeres22\/jeu\/\">\n\t\t\t\t\t\t\t<img loading=\"lazy\" decoding=\"async\" width=\"301\" height=\"218\" src=\"https:\/\/jeu-digital.fr\/terroirsduvertige\/fetedesmeres22\/wp-content\/uploads\/2022\/05\/Fichier-8.png\" class=\"attachment-large size-large\" alt=\"\" \/>\t\t\t\t\t\t\t\t<\/a>\n\t\t\t\t\t\t\t\t\t\t\t\t\t\t\t<\/div>\n\t\t\t\t<\/div>\n\t\t\t\t\t<\/div>\n\t\t<\/div>\n\t\t\t\t\t\t\t<\/div>\n\t\t<\/section>\n\t\t\t\t<section class=\"elementor-section elementor-top-section elementor-element elementor-element-d6980c3 elementor-section-boxed elementor-section-height-default elementor-section-height-default\" data-id=\"d6980c3\" data-element_type=\"section\">\n\t\t\t\t\t\t<div class=\"elementor-container elementor-column-gap-default\">\n\t\t\t\t\t<div class=\"elementor-column elementor-col-100 elementor-top-column elementor-element elementor-element-02298dd\" data-id=\"02298dd\" data-element_type=\"column\">\n\t\t\t<div class=\"elementor-widget-wrap elementor-element-populated\">\n\t\t\t\t\t\t\t\t<div class=\"elementor-element elementor-element-aac3263 eael-gravity-form-button-custom elementor-widget elementor-widget-eael-gravity-form\" data-id=\"aac3263\" data-element_type=\"widget\" data-widget_type=\"eael-gravity-form.default\">\n\t\t\t\t<div class=\"elementor-widget-container\">\n\t\t\t            <div class=\"eael-contact-form eael-gravity-form eael-contact-form-align-default\">\n                                <script type=\"text\/javascript\">var gform;gform||(document.addEventListener(\"gform_main_scripts_loaded\",function(){gform.scriptsLoaded=!0}),window.addEventListener(\"DOMContentLoaded\",function(){gform.domLoaded=!0}),gform={domLoaded:!1,scriptsLoaded:!1,initializeOnLoaded:function(o){gform.domLoaded&&gform.scriptsLoaded?o():!gform.domLoaded&&gform.scriptsLoaded?window.addEventListener(\"DOMContentLoaded\",o):document.addEventListener(\"gform_main_scripts_loaded\",o)},hooks:{action:{},filter:{}},addAction:function(o,n,r,t){gform.addHook(\"action\",o,n,r,t)},addFilter:function(o,n,r,t){gform.addHook(\"filter\",o,n,r,t)},doAction:function(o){gform.doHook(\"action\",o,arguments)},applyFilters:function(o){return gform.doHook(\"filter\",o,arguments)},removeAction:function(o,n){gform.removeHook(\"action\",o,n)},removeFilter:function(o,n,r){gform.removeHook(\"filter\",o,n,r)},addHook:function(o,n,r,t,i){null==gform.hooks[o][n]&&(gform.hooks[o][n]=[]);var e=gform.hooks[o][n];null==i&&(i=n+\"_\"+e.length),gform.hooks[o][n].push({tag:i,callable:r,priority:t=null==t?10:t})},doHook:function(n,o,r){var t;if(r=Array.prototype.slice.call(r,1),null!=gform.hooks[n][o]&&((o=gform.hooks[n][o]).sort(function(o,n){return o.priority-n.priority}),o.forEach(function(o){\"function\"!=typeof(t=o.callable)&&(t=window[t]),\"action\"==n?t.apply(null,r):r[0]=t.apply(null,r)})),\"filter\"==n)return r[0]},removeHook:function(o,n,t,i){var r;null!=gform.hooks[o][n]&&(r=(r=gform.hooks[o][n]).filter(function(o,n,r){return!!(null!=i&&i!=o.tag||null!=t&&t!=o.priority)}),gform.hooks[o][n]=r)}});<\/script>\n                <div class='gf_browser_gecko gform_wrapper gravity-theme' id='gform_wrapper_1' >\n                        <div class='gform_heading'>\n\t\t\t\t\t\t\t<p class='gform_required_legend'>\u00ab\u00a0<span class=\"gfield_required gfield_required_asterisk\">*<\/span>\u00a0\u00bb indique les champs n\u00e9cessaires<\/p>\n                        <\/div><form method='post' enctype='multipart\/form-data'  id='gform_1'  action='\/terroirsduvertige\/fetedesmeres22\/wp-json\/wp\/v2\/pages\/47' novalidate>\n                        <div class='gform_body gform-body'><div id='gform_fields_1' class='gform_fields top_label form_sublabel_below description_below'><div id=\"field_1_13\"  class=\"gfield gfield--width-full gfield_html gfield_html_formatted gfield_no_follows_desc field_sublabel_below field_description_below gfield_visibility_visible\"  data-js-reload=\"field_1_13\"><p>\n     Participez \u00e0 notre loterie de la f\u00eate des m\u00e8res pour tenter de remporter un de nos trois lots : le lot num\u00e9ro 1 d\u2019une valeur de 18,90\u20ac comprend une bouteille de Fraicheur Rouge, une bouteille de Fraicheur Ros\u00e9 et une bouteille de Fraicheur Blanc, le lot num\u00e9ro 2 d\u2019une valeur de 20,50\u20ac est compos\u00e9 d\u2019une bouteille de Vertiges et une autre d\u2019Octa, et enfin le lot num\u00e9ro 3, d\u2019une valeur de 25\u20ac est constitu\u00e9 d\u2019une bouteille Roc de Bonelli et une bouteille Octa. Pour valider votre inscription, merci de v\u00e9rifier l\u2019exactitude des informations donn\u00e9es.\n<\/p><\/div><div id=\"field_1_9\"  class=\"gfield gfield--width-half gfield_contains_required field_sublabel_below field_description_below gfield_visibility_visible\"  data-js-reload=\"field_1_9\"><label class='gfield_label' for='input_1_9' >Nom<span class=\"gfield_required\"><span class=\"gfield_required gfield_required_asterisk\">*<\/span><\/span><\/label><div class='ginput_container ginput_container_text'><input name='input_9' id='input_1_9' type='text' value='' class='large'     aria-required=\"true\" aria-invalid=\"false\"   \/> <\/div><\/div><div id=\"field_1_10\"  class=\"gfield gfield--width-half gfield_contains_required field_sublabel_below field_description_below gfield_visibility_visible\"  data-js-reload=\"field_1_10\"><label class='gfield_label' for='input_1_10' >Prenom<span class=\"gfield_required\"><span class=\"gfield_required gfield_required_asterisk\">*<\/span><\/span><\/label><div class='ginput_container ginput_container_text'><input name='input_10' id='input_1_10' type='text' value='' class='large'     aria-required=\"true\" aria-invalid=\"false\"   \/> <\/div><\/div><fieldset id=\"field_1_3\"  class=\"gfield gfield--width-full gfield_contains_required field_sublabel_below field_description_below gfield_visibility_visible\"  data-js-reload=\"field_1_3\"><legend class='gfield_label gfield_label_before_complex'  >Date de naissance<span class=\"gfield_required\"><span class=\"gfield_required gfield_required_asterisk\">*<\/span><\/span><\/legend><div id='input_1_3' class='ginput_container ginput_complex'>\n                                        <div class='gfield_date_day ginput_container ginput_container_date' id='input_1_3_2_container'>\n                                            <input type='number'  name='input_3[]' id='input_1_3_2' value=''   aria-required='true'   placeholder='13' min='1' max='31' step='1'\/>\n                                            <label for='input_1_3_2' class=''>JJ<\/label>\n                                        <\/div><div class='gfield_date_month ginput_container ginput_container_date' id='input_1_3_1_container'>\n                                        <input type='number'  name='input_3[]' id='input_1_3_1' value=''   aria-required='true'   placeholder='05' min='1' max='12' step='1'\/>\n                                        <label for='input_1_3_1' class=''>MM<\/label>\n                                   <\/div><div class='gfield_date_year ginput_container ginput_container_date' id='input_1_3_3_container'>\n                                        <input type='number'  name='input_3[]' id='input_1_3_3' value=''   aria-required='true'   placeholder='2004' min='1920' max='2027' step='1'\/>\n                                        <label for='input_1_3_3' class=''>AAAA<\/label>\n                                   <\/div>\n                                <\/div><\/fieldset><div id=\"field_1_16\"  class=\"gfield gfield--width-half gfield_contains_required field_sublabel_below field_description_below gfield_visibility_visible\"  data-js-reload=\"field_1_16\"><label class='gfield_label' for='input_1_16' >R\u00e9gion<span class=\"gfield_required\"><span class=\"gfield_required gfield_required_asterisk\">*<\/span><\/span><\/label><div class='ginput_container ginput_container_select'><select name='input_16' id='input_1_16' class='large gfield_select'    aria-required=\"true\" aria-invalid=\"false\" ><option value='Occitanie' >Occitanie<\/option><option value='Provence-Alpes-C\u00f4te d&#039;Azur' >Provence-Alpes-C\u00f4te d&#039;Azur<\/option><option value='Auvergne-Rh\u00f4ne-Alpes' >Auvergne-Rh\u00f4ne-Alpes<\/option><option value='Nouvelle-Aquitaine' >Nouvelle-Aquitaine<\/option><option value='Bourgogne-Franche-Comt\u00e9' >Bourgogne-Franche-Comt\u00e9<\/option><option value='Centre-Val de Loire' >Centre-Val de Loire<\/option><option value='Pays de la Loire' >Pays de la Loire<\/option><option value='Bretagne' >Bretagne<\/option><option value='Grand Est' >Grand Est<\/option><option value='\u00cele-De-France' >\u00cele-De-France<\/option><option value='Normandie' >Normandie<\/option><option value='Hauts-de-France' >Hauts-de-France<\/option><option value='Corse' >Corse<\/option><\/select><\/div><\/div><div id=\"field_1_17\"  class=\"gfield gfield--width-half gfield_contains_required field_sublabel_below field_description_below gfield_visibility_visible\"  data-js-reload=\"field_1_17\"><label class='gfield_label' for='input_1_17' >Code Postal<span class=\"gfield_required\"><span class=\"gfield_required gfield_required_asterisk\">*<\/span><\/span><\/label><div class='ginput_container ginput_container_number'><input name='input_17' id='input_1_17' type='number' step='any'   value='' class='large'     aria-required=\"true\" aria-invalid=\"false\"  \/><\/div><\/div><fieldset id=\"field_1_4\"  class=\"gfield gfield--width-full gfield_contains_required field_sublabel_below field_description_below gfield_visibility_visible\"  data-js-reload=\"field_1_4\"><legend class='gfield_label gfield_label_before_complex'  >E-mail<span class=\"gfield_required\"><span class=\"gfield_required gfield_required_asterisk\">*<\/span><\/span><\/legend><div class='ginput_complex ginput_container ginput_container_email' id='input_1_4_container'>\n                                <span id='input_1_4_1_container' class='ginput_left'>\n                                    <input class='' type='email' name='input_4' id='input_1_4' value=''    aria-required=\"true\" aria-invalid=\"false\"  \/>\n                                    <label for='input_1_4' >Saisissez un e-mail<\/label>\n                                <\/span>\n                                <span id='input_1_4_2_container' class='ginput_right'>\n                                    <input class='' type='email' name='input_4_2' id='input_1_4_2' value=''    aria-required=\"true\" aria-invalid=\"false\"  \/>\n                                    <label for='input_1_4_2' >Confirmez l\u2019e-mail<\/label>\n                                <\/span>\n                                <div class='gf_clear gf_clear_complex'><\/div>\n                            <\/div><\/fieldset><fieldset id=\"field_1_14\"  class=\"gfield gfield--width-full field_sublabel_below field_description_below gfield_visibility_visible\"  data-js-reload=\"field_1_14\"><legend class='gfield_label screen-reader-text gfield_label_before_complex'  ><\/legend><div class='ginput_container ginput_container_checkbox'><div class='gfield_checkbox' id='input_1_14'><div class='gchoice gchoice_1_14_1'>\n\t\t\t\t\t\t\t\t<input class='gfield-choice-input' name='input_14.1' type='checkbox'  value='J&#039;accepte que mes informations (nom\/pr\u00e9nom\/e-mail\/etc.) soient collect\u00e9es dans le cadre de ce jeu'  id='choice_1_14_1'   \/>\n\t\t\t\t\t\t\t\t<label for='choice_1_14_1' id='label_1_14_1'>J'accepte que mes informations (nom\/pr\u00e9nom\/e-mail\/etc.) soient collect\u00e9es dans le cadre de ce jeu <span style=\"font-style: italic;font-weight: 400; \"class=\"gfield_required\">*<\/span><\/label>\n\t\t\t\t\t\t\t<\/div><\/div><\/div><\/fieldset><fieldset id=\"field_1_8\"  class=\"gfield gfield--width-full field_sublabel_below field_description_below gfield_visibility_visible\"  data-js-reload=\"field_1_8\"><legend class='gfield_label screen-reader-text gfield_label_before_complex'  ><\/legend><div class='ginput_container ginput_container_checkbox'><div class='gfield_checkbox' id='input_1_8'><div class='gchoice gchoice_1_8_1'>\n\t\t\t\t\t\t\t\t<input class='gfield-choice-input' name='input_8.1' type='checkbox'  value='&lt;a \/&gt;J&#039;accepte le r\u00e8glement de la Loterie'  id='choice_1_8_1'   \/>\n\t\t\t\t\t\t\t\t<label for='choice_1_8_1' id='label_1_8_1'>J'accepte le <a class=\"reglement\" href=\"https:\/\/jeu-digital.fr\/terroirsduvertige\/fetedesmeres22\/reglement\" target=\"_blank\">r\u00e8glement de la Loterie<\/a><span style=\"font-style: italic;font-weight: 400; \"class=\"gfield_required\"> *<\/span><\/label>\n\t\t\t\t\t\t\t<\/div><\/div><\/div><\/fieldset><div id=\"field_1_15\"  class=\"gfield gfield--width-full gfield_html gfield_html_formatted gfield_no_follows_desc field_sublabel_below field_description_below gfield_visibility_visible\"  data-js-reload=\"field_1_15\"><p>\n<span style=\"font-style: italic;font-weight: 400; \"class=\"gfield_required\">*<\/span> : Mentions obligatoires\n<\/p><\/div><\/div><\/div>\n        <div class='gform_footer top_label'> <input type='submit' id='gform_submit_button_1' class='gform_button button gform-button--width-full' value='Participer'  onclick='if(window[\"gf_submitting_1\"]){return false;}  if( !jQuery(\"#gform_1\")[0].checkValidity || jQuery(\"#gform_1\")[0].checkValidity()){window[\"gf_submitting_1\"]=true;}  ' onkeypress='if( event.keyCode == 13 ){ if(window[\"gf_submitting_1\"]){return false;} if( !jQuery(\"#gform_1\")[0].checkValidity || jQuery(\"#gform_1\")[0].checkValidity()){window[\"gf_submitting_1\"]=true;}  jQuery(\"#gform_1\").trigger(\"submit\",[true]); }' \/> \n            <input type='hidden' class='gform_hidden' name='is_submit_1' value='1' \/>\n            <input type='hidden' class='gform_hidden' name='gform_submit' value='1' \/>\n            \n            <input type='hidden' class='gform_hidden' name='gform_unique_id' value='' \/>\n            <input type='hidden' class='gform_hidden' name='state_1' value='WyJbXSIsIjE3MTgyMGNiNTc5MTUwYjFiYzkxYWNhOWUzYWRhZDI3Il0=' \/>\n            <input type='hidden' class='gform_hidden' name='gform_target_page_number_1' id='gform_target_page_number_1' value='0' \/>\n            <input type='hidden' class='gform_hidden' name='gform_source_page_number_1' id='gform_source_page_number_1' value='1' \/>\n            <input type='hidden' name='gform_field_values' value='' \/>\n            \n        <\/div>\n                        <\/form>\n                        <\/div>            <\/div>\n            \t\t<\/div>\n\t\t\t\t<\/div>\n\t\t\t\t\t<\/div>\n\t\t<\/div>\n\t\t\t\t\t\t\t<\/div>\n\t\t<\/section>\n\t\t\t\t\t\t\t<\/div>\n\t\t","protected":false},"excerpt":{"rendered":"<p>Participez \u00e0 notre loterie de la f\u00eate des m\u00e8res pour tenter de remporter un de nos trois lots : le lot num\u00e9ro 1 d\u2019une valeur de 18,90\u20ac comprend une bouteille de Fraicheur Rouge, une bouteille de Fraicheur Ros\u00e9 et une bouteille de Fraicheur Blanc, le lot num\u00e9ro 2 d\u2019une valeur de 20,50\u20ac est compos\u00e9 d\u2019une [&hellip;]<\/p>\n","protected":false},"author":1,"featured_media":0,"parent":0,"menu_order":0,"comment_status":"closed","ping_status":"closed","template":"elementor_header_footer","meta":{"footnotes":""},"class_list":["post-47","page","type-page","status-publish","hentry"],"_links":{"self":[{"href":"https:\/\/jeu-digital.fr\/terroirsduvertige\/fetedesmeres22\/wp-json\/wp\/v2\/pages\/47","targetHints":{"allow":["GET"]}}],"collection":[{"href":"https:\/\/jeu-digital.fr\/terroirsduvertige\/fetedesmeres22\/wp-json\/wp\/v2\/pages"}],"about":[{"href":"https:\/\/jeu-digital.fr\/terroirsduvertige\/fetedesmeres22\/wp-json\/wp\/v2\/types\/page"}],"author":[{"embeddable":true,"href":"https:\/\/jeu-digital.fr\/terroirsduvertige\/fetedesmeres22\/wp-json\/wp\/v2\/users\/1"}],"replies":[{"embeddable":true,"href":"https:\/\/jeu-digital.fr\/terroirsduvertige\/fetedesmeres22\/wp-json\/wp\/v2\/comments?post=47"}],"version-history":[{"count":40,"href":"https:\/\/jeu-digital.fr\/terroirsduvertige\/fetedesmeres22\/wp-json\/wp\/v2\/pages\/47\/revisions"}],"predecessor-version":[{"id":154,"href":"https:\/\/jeu-digital.fr\/terroirsduvertige\/fetedesmeres22\/wp-json\/wp\/v2\/pages\/47\/revisions\/154"}],"wp:attachment":[{"href":"https:\/\/jeu-digital.fr\/terroirsduvertige\/fetedesmeres22\/wp-json\/wp\/v2\/media?parent=47"}],"curies":[{"name":"wp","href":"https:\/\/api.w.org\/{rel}","templated":true}]}}